{"id":897,"date":"2024-11-10T07:43:36","date_gmt":"2024-11-10T12:43:36","guid":{"rendered":"https:\/\/huongchaukhobo.com\/product\/cha-bong-heo-goi-150gporc-effiloche-frayed-pork\/"},"modified":"2024-11-10T08:13:42","modified_gmt":"2024-11-10T13:13:42","slug":"cha-bong-heo-goi-150gporc-effiloche-frayed-pork","status":"publish","type":"product","link":"https:\/\/huongchaukhobo.com\/fr\/product\/cha-bong-heo-goi-150gporc-effiloche-frayed-pork\/","title":{"rendered":"Porc Effiloch\u00e9 Pack 150g"},"content":{"rendered":"<table id=\"chi-tiet\" class=\"table table-bordered table-detail table-striped\" cellspacing=\"0\">\n<colgroup>\n<col style=\"width: 25%;\" \/>\n<col \/> <\/colgroup>\n<tbody>\n<tr>\n<td>Marque<\/td>\n<td class=\"last\"><a href=\"http:\/\/huongchaukhobo.com\">H\u01b0\u01a1ng Ch\u00e2u<\/a><\/td>\n<\/tr>\n<tr>\n<td>Fabriqu\u00e9 au<\/td>\n<td class=\"last\">Canada<\/td>\n<\/tr>\n<tr>\n<td>Emballage<\/td>\n<td class=\"last\">G\u00f3i<\/td>\n<\/tr>\n<tr>\n<td>Poids<\/td>\n<td class=\"last\">150g<\/td>\n<\/tr>\n<\/tbody>\n<\/table>\n","protected":false},"excerpt":{"rendered":"<ul>\n<li>Utilisez des ingr\u00e9dients canadiens frais et s\u00fbrs.<\/li>\n<li>Avoir une saveur maison traditionnelle attrayante et riche vous satisfera lorsque vous l&#8217;utilisez et n&#8217;oubliera jamais.<\/li>\n<\/ul>\n","protected":false},"featured_media":901,"comment_status":"open","ping_status":"closed","template":"","meta":[],"product_brand":[],"product_cat":[59],"product_tag":[],"class_list":{"0":"post-897","1":"product","2":"type-product","3":"status-publish","4":"has-post-thumbnail","6":"product_cat-cha-bong-heo-fr","7":"description-off","9":"first","10":"instock","11":"taxable","12":"shipping-taxable","13":"purchasable","14":"product-type-simple"},"yoast_head":"<!-- This site is optimized with the Yoast SEO plugin v26.9 - https:\/\/yoast.com\/product\/yoast-seo-wordpress\/ -->\n<title>Porc Effiloch\u00e9 Pack 150g | Kh\u00f4 B\u00f2 H\u01b0\u01a1ng Ch\u00e2u<\/title>\n<meta name=\"description\" content=\"H\u01b0\u01a1ng Ch\u00e2u - Ch\u00e0 B\u00f4ng Heo. S\u1eed d\u1ee5ng ngu\u1ed3n nguy\u00ean li\u1ec7u Canada t\u01b0\u01a1i ngon, an to\u00e0n. C\u00f3 m\u1ed9t h\u01b0\u01a1ng v\u1ecb truy\u1ec1n th\u1ed1ng qu\u00ea h\u01b0\u01a1ng h\u1ea5p d\u1eabn, \u0111\u1eadm \u0111\u00e0 s\u1ebd l\u00e0m v\u1eeba l\u00f2ng qu\u00fd kh\u00e1ch ...\" \/>\n<meta name=\"robots\" content=\"index, follow, max-snippet:-1, max-image-preview:large, max-video-preview:-1\" \/>\n<link rel=\"canonical\" href=\"https:\/\/huongchaukhobo.com\/fr\/product\/cha-bong-heo-goi-150gporc-effiloche-frayed-pork\/\" \/>\n<meta property=\"og:locale\" content=\"fr_FR\" \/>\n<meta property=\"og:type\" content=\"article\" \/>\n<meta property=\"og:title\" content=\"Porc Effiloch\u00e9 Pack 150g | Kh\u00f4 B\u00f2 H\u01b0\u01a1ng Ch\u00e2u\" \/>\n<meta property=\"og:description\" content=\"H\u01b0\u01a1ng Ch\u00e2u - Ch\u00e0 B\u00f4ng Heo. S\u1eed d\u1ee5ng ngu\u1ed3n nguy\u00ean li\u1ec7u Canada t\u01b0\u01a1i ngon, an to\u00e0n. C\u00f3 m\u1ed9t h\u01b0\u01a1ng v\u1ecb truy\u1ec1n th\u1ed1ng qu\u00ea h\u01b0\u01a1ng h\u1ea5p d\u1eabn, \u0111\u1eadm \u0111\u00e0 s\u1ebd l\u00e0m v\u1eeba l\u00f2ng qu\u00fd kh\u00e1ch ...\" \/>\n<meta property=\"og:url\" content=\"https:\/\/huongchaukhobo.com\/fr\/product\/cha-bong-heo-goi-150gporc-effiloche-frayed-pork\/\" \/>\n<meta property=\"og:site_name\" content=\"Kh\u00f4 B\u00f2 H\u01b0\u01a1ng Ch\u00e2u\" \/>\n<meta property=\"article:modified_time\" content=\"2024-11-10T13:13:42+00:00\" \/>\n<meta property=\"og:image\" content=\"https:\/\/huongchaukhobo.com\/wp-content\/uploads\/2024\/11\/Chao-bong-heo-01-3.jpg\" \/>\n\t<meta property=\"og:image:width\" content=\"1863\" \/>\n\t<meta property=\"og:image:height\" content=\"2425\" \/>\n\t<meta property=\"og:image:type\" content=\"image\/jpeg\" \/>\n<meta name=\"twitter:card\" content=\"summary_large_image\" \/>\n<meta name=\"twitter:label1\" content=\"Est. reading time\" \/>\n\t<meta name=\"twitter:data1\" content=\"1 minute\" \/>\n<script type=\"application\/ld+json\" class=\"yoast-schema-graph\">{\"@context\":\"https:\/\/schema.org\",\"@graph\":[{\"@type\":\"WebPage\",\"@id\":\"https:\/\/huongchaukhobo.com\/fr\/product\/cha-bong-heo-goi-150gporc-effiloche-frayed-pork\/\",\"url\":\"https:\/\/huongchaukhobo.com\/fr\/product\/cha-bong-heo-goi-150gporc-effiloche-frayed-pork\/\",\"name\":\"Porc Effiloch\u00e9 Pack 150g | Kh\u00f4 B\u00f2 H\u01b0\u01a1ng Ch\u00e2u\",\"isPartOf\":{\"@id\":\"https:\/\/huongchaukhobo.com\/#website\"},\"primaryImageOfPage\":{\"@id\":\"https:\/\/huongchaukhobo.com\/fr\/product\/cha-bong-heo-goi-150gporc-effiloche-frayed-pork\/#primaryimage\"},\"image\":{\"@id\":\"https:\/\/huongchaukhobo.com\/fr\/product\/cha-bong-heo-goi-150gporc-effiloche-frayed-pork\/#primaryimage\"},\"thumbnailUrl\":\"https:\/\/huongchaukhobo.com\/wp-content\/uploads\/2024\/11\/Chao-bong-heo-01-3.jpg\",\"datePublished\":\"2024-11-10T12:43:36+00:00\",\"dateModified\":\"2024-11-10T13:13:42+00:00\",\"description\":\"H\u01b0\u01a1ng Ch\u00e2u - Ch\u00e0 B\u00f4ng Heo. S\u1eed d\u1ee5ng ngu\u1ed3n nguy\u00ean li\u1ec7u Canada t\u01b0\u01a1i ngon, an to\u00e0n. C\u00f3 m\u1ed9t h\u01b0\u01a1ng v\u1ecb truy\u1ec1n th\u1ed1ng qu\u00ea h\u01b0\u01a1ng h\u1ea5p d\u1eabn, \u0111\u1eadm \u0111\u00e0 s\u1ebd l\u00e0m v\u1eeba l\u00f2ng qu\u00fd kh\u00e1ch ...\",\"breadcrumb\":{\"@id\":\"https:\/\/huongchaukhobo.com\/fr\/product\/cha-bong-heo-goi-150gporc-effiloche-frayed-pork\/#breadcrumb\"},\"inLanguage\":\"fr-FR\",\"potentialAction\":[{\"@type\":\"ReadAction\",\"target\":[\"https:\/\/huongchaukhobo.com\/fr\/product\/cha-bong-heo-goi-150gporc-effiloche-frayed-pork\/\"]}]},{\"@type\":\"ImageObject\",\"inLanguage\":\"fr-FR\",\"@id\":\"https:\/\/huongchaukhobo.com\/fr\/product\/cha-bong-heo-goi-150gporc-effiloche-frayed-pork\/#primaryimage\",\"url\":\"https:\/\/huongchaukhobo.com\/wp-content\/uploads\/2024\/11\/Chao-bong-heo-01-3.jpg\",\"contentUrl\":\"https:\/\/huongchaukhobo.com\/wp-content\/uploads\/2024\/11\/Chao-bong-heo-01-3.jpg\",\"width\":1863,\"height\":2425},{\"@type\":\"BreadcrumbList\",\"@id\":\"https:\/\/huongchaukhobo.com\/fr\/product\/cha-bong-heo-goi-150gporc-effiloche-frayed-pork\/#breadcrumb\",\"itemListElement\":[{\"@type\":\"ListItem\",\"position\":1,\"name\":\"Home\",\"item\":\"https:\/\/huongchaukhobo.com\/fr\/\"},{\"@type\":\"ListItem\",\"position\":2,\"name\":\"Shop \/ Mua H\u00e0ng\",\"item\":\"https:\/\/huongchaukhobo.com\/shop\/\"},{\"@type\":\"ListItem\",\"position\":3,\"name\":\"Porc Effiloch\u00e9 Pack 150g\"}]},{\"@type\":\"WebSite\",\"@id\":\"https:\/\/huongchaukhobo.com\/#website\",\"url\":\"https:\/\/huongchaukhobo.com\/\",\"name\":\"Kh\u00f4 B\u00f2 H\u01b0\u01a1ng Ch\u00e2u\",\"description\":\"Beef Jerky\",\"potentialAction\":[{\"@type\":\"SearchAction\",\"target\":{\"@type\":\"EntryPoint\",\"urlTemplate\":\"https:\/\/huongchaukhobo.com\/?s={search_term_string}\"},\"query-input\":{\"@type\":\"PropertyValueSpecification\",\"valueRequired\":true,\"valueName\":\"search_term_string\"}}],\"inLanguage\":\"fr-FR\"}]}<\/script>\n<!-- \/ Yoast SEO plugin. -->","yoast_head_json":{"title":"Porc Effiloch\u00e9 Pack 150g | Kh\u00f4 B\u00f2 H\u01b0\u01a1ng Ch\u00e2u","description":"H\u01b0\u01a1ng Ch\u00e2u - Ch\u00e0 B\u00f4ng Heo. S\u1eed d\u1ee5ng ngu\u1ed3n nguy\u00ean li\u1ec7u Canada t\u01b0\u01a1i ngon, an to\u00e0n. C\u00f3 m\u1ed9t h\u01b0\u01a1ng v\u1ecb truy\u1ec1n th\u1ed1ng qu\u00ea h\u01b0\u01a1ng h\u1ea5p d\u1eabn, \u0111\u1eadm \u0111\u00e0 s\u1ebd l\u00e0m v\u1eeba l\u00f2ng qu\u00fd kh\u00e1ch ...","robots":{"index":"index","follow":"follow","max-snippet":"max-snippet:-1","max-image-preview":"max-image-preview:large","max-video-preview":"max-video-preview:-1"},"canonical":"https:\/\/huongchaukhobo.com\/fr\/product\/cha-bong-heo-goi-150gporc-effiloche-frayed-pork\/","og_locale":"fr_FR","og_type":"article","og_title":"Porc Effiloch\u00e9 Pack 150g | Kh\u00f4 B\u00f2 H\u01b0\u01a1ng Ch\u00e2u","og_description":"H\u01b0\u01a1ng Ch\u00e2u - Ch\u00e0 B\u00f4ng Heo. S\u1eed d\u1ee5ng ngu\u1ed3n nguy\u00ean li\u1ec7u Canada t\u01b0\u01a1i ngon, an to\u00e0n. C\u00f3 m\u1ed9t h\u01b0\u01a1ng v\u1ecb truy\u1ec1n th\u1ed1ng qu\u00ea h\u01b0\u01a1ng h\u1ea5p d\u1eabn, \u0111\u1eadm \u0111\u00e0 s\u1ebd l\u00e0m v\u1eeba l\u00f2ng qu\u00fd kh\u00e1ch ...","og_url":"https:\/\/huongchaukhobo.com\/fr\/product\/cha-bong-heo-goi-150gporc-effiloche-frayed-pork\/","og_site_name":"Kh\u00f4 B\u00f2 H\u01b0\u01a1ng Ch\u00e2u","article_modified_time":"2024-11-10T13:13:42+00:00","og_image":[{"width":1863,"height":2425,"url":"https:\/\/huongchaukhobo.com\/wp-content\/uploads\/2024\/11\/Chao-bong-heo-01-3.jpg","type":"image\/jpeg"}],"twitter_card":"summary_large_image","twitter_misc":{"Est. reading time":"1 minute"},"schema":{"@context":"https:\/\/schema.org","@graph":[{"@type":"WebPage","@id":"https:\/\/huongchaukhobo.com\/fr\/product\/cha-bong-heo-goi-150gporc-effiloche-frayed-pork\/","url":"https:\/\/huongchaukhobo.com\/fr\/product\/cha-bong-heo-goi-150gporc-effiloche-frayed-pork\/","name":"Porc Effiloch\u00e9 Pack 150g | Kh\u00f4 B\u00f2 H\u01b0\u01a1ng Ch\u00e2u","isPartOf":{"@id":"https:\/\/huongchaukhobo.com\/#website"},"primaryImageOfPage":{"@id":"https:\/\/huongchaukhobo.com\/fr\/product\/cha-bong-heo-goi-150gporc-effiloche-frayed-pork\/#primaryimage"},"image":{"@id":"https:\/\/huongchaukhobo.com\/fr\/product\/cha-bong-heo-goi-150gporc-effiloche-frayed-pork\/#primaryimage"},"thumbnailUrl":"https:\/\/huongchaukhobo.com\/wp-content\/uploads\/2024\/11\/Chao-bong-heo-01-3.jpg","datePublished":"2024-11-10T12:43:36+00:00","dateModified":"2024-11-10T13:13:42+00:00","description":"H\u01b0\u01a1ng Ch\u00e2u - Ch\u00e0 B\u00f4ng Heo. S\u1eed d\u1ee5ng ngu\u1ed3n nguy\u00ean li\u1ec7u Canada t\u01b0\u01a1i ngon, an to\u00e0n. C\u00f3 m\u1ed9t h\u01b0\u01a1ng v\u1ecb truy\u1ec1n th\u1ed1ng qu\u00ea h\u01b0\u01a1ng h\u1ea5p d\u1eabn, \u0111\u1eadm \u0111\u00e0 s\u1ebd l\u00e0m v\u1eeba l\u00f2ng qu\u00fd kh\u00e1ch ...","breadcrumb":{"@id":"https:\/\/huongchaukhobo.com\/fr\/product\/cha-bong-heo-goi-150gporc-effiloche-frayed-pork\/#breadcrumb"},"inLanguage":"fr-FR","potentialAction":[{"@type":"ReadAction","target":["https:\/\/huongchaukhobo.com\/fr\/product\/cha-bong-heo-goi-150gporc-effiloche-frayed-pork\/"]}]},{"@type":"ImageObject","inLanguage":"fr-FR","@id":"https:\/\/huongchaukhobo.com\/fr\/product\/cha-bong-heo-goi-150gporc-effiloche-frayed-pork\/#primaryimage","url":"https:\/\/huongchaukhobo.com\/wp-content\/uploads\/2024\/11\/Chao-bong-heo-01-3.jpg","contentUrl":"https:\/\/huongchaukhobo.com\/wp-content\/uploads\/2024\/11\/Chao-bong-heo-01-3.jpg","width":1863,"height":2425},{"@type":"BreadcrumbList","@id":"https:\/\/huongchaukhobo.com\/fr\/product\/cha-bong-heo-goi-150gporc-effiloche-frayed-pork\/#breadcrumb","itemListElement":[{"@type":"ListItem","position":1,"name":"Home","item":"https:\/\/huongchaukhobo.com\/fr\/"},{"@type":"ListItem","position":2,"name":"Shop \/ Mua H\u00e0ng","item":"https:\/\/huongchaukhobo.com\/shop\/"},{"@type":"ListItem","position":3,"name":"Porc Effiloch\u00e9 Pack 150g"}]},{"@type":"WebSite","@id":"https:\/\/huongchaukhobo.com\/#website","url":"https:\/\/huongchaukhobo.com\/","name":"Kh\u00f4 B\u00f2 H\u01b0\u01a1ng Ch\u00e2u","description":"Beef Jerky","potentialAction":[{"@type":"SearchAction","target":{"@type":"EntryPoint","urlTemplate":"https:\/\/huongchaukhobo.com\/?s={search_term_string}"},"query-input":{"@type":"PropertyValueSpecification","valueRequired":true,"valueName":"search_term_string"}}],"inLanguage":"fr-FR"}]}},"_links":{"self":[{"href":"https:\/\/huongchaukhobo.com\/fr\/wp-json\/wp\/v2\/product\/897","targetHints":{"allow":["GET"]}}],"collection":[{"href":"https:\/\/huongchaukhobo.com\/fr\/wp-json\/wp\/v2\/product"}],"about":[{"href":"https:\/\/huongchaukhobo.com\/fr\/wp-json\/wp\/v2\/types\/product"}],"replies":[{"embeddable":true,"href":"https:\/\/huongchaukhobo.com\/fr\/wp-json\/wp\/v2\/comments?post=897"}],"wp:featuredmedia":[{"embeddable":true,"href":"https:\/\/huongchaukhobo.com\/fr\/wp-json\/wp\/v2\/media\/901"}],"wp:attachment":[{"href":"https:\/\/huongchaukhobo.com\/fr\/wp-json\/wp\/v2\/media?parent=897"}],"wp:term":[{"taxonomy":"product_brand","embeddable":true,"href":"https:\/\/huongchaukhobo.com\/fr\/wp-json\/wp\/v2\/product_brand?post=897"},{"taxonomy":"product_cat","embeddable":true,"href":"https:\/\/huongchaukhobo.com\/fr\/wp-json\/wp\/v2\/product_cat?post=897"},{"taxonomy":"product_tag","embeddable":true,"href":"https:\/\/huongchaukhobo.com\/fr\/wp-json\/wp\/v2\/product_tag?post=897"}],"curies":[{"name":"wp","href":"https:\/\/api.w.org\/{rel}","templated":true}]}}