{"id":477,"date":"2018-10-01T09:48:37","date_gmt":"2018-10-01T13:48:37","guid":{"rendered":"https:\/\/huongchaukhobo.com\/product\/kho-bo-ca-ri-miem\/"},"modified":"2024-11-10T08:18:36","modified_gmt":"2024-11-10T13:18:36","slug":"boeuf-seche-au-cari-pack-200g","status":"publish","type":"product","link":"https:\/\/huongchaukhobo.com\/fr\/product\/boeuf-seche-au-cari-pack-200g\/","title":{"rendered":"Boeuf S\u00e9ch\u00e9 au Cari Pack 200g"},"content":{"rendered":"<table id=\"chi-tiet\" class=\"table table-bordered table-detail table-striped\" cellspacing=\"0\">\n<colgroup>\n<col style=\"width: 25%;\" \/>\n<col \/> <\/colgroup>\n<tbody>\n<tr>\n<td>Marque<\/td>\n<td class=\"last\"><a href=\"http:\/\/huongchaukhobo.com\">H\u01b0\u01a1ng Ch\u00e2u<\/a><\/td>\n<\/tr>\n<tr>\n<td>Fabriqu\u00e9 au<\/td>\n<td class=\"last\">Canada<\/td>\n<\/tr>\n<tr>\n<td>Emballage<\/td>\n<td class=\"last\">Paquet<\/td>\n<\/tr>\n<tr>\n<td>SKU<\/td>\n<td class=\"last\">018962710077265<\/td>\n<\/tr>\n<tr>\n<td>Date d&#8217;expiration<\/td>\n<td class=\"last\">12 mois<\/td>\n<\/tr>\n<tr>\n<td>Mode d&#8217;emploi<\/td>\n<td class=\"last\">\n<ul>\n<li>D\u00e9chirez l&#8217;emballage et utilisez-le directement n&#8217;importe o\u00f9, n&#8217;importe quand.<\/li>\n<\/ul>\n<\/td>\n<\/tr>\n<tr>\n<td>Conservation<\/td>\n<td class=\"last\">\n<ul>\n<li>Endroit sec et frais.<\/li>\n<li>Apr\u00e8s avoir ouvert l&#8217;emballage, s&#8217;il n&#8217;est pas \u00e9puis\u00e9, il doit \u00eatre \u00e0 nouveau scell\u00e9.<\/li>\n<\/ul>\n<\/td>\n<\/tr>\n<tr>\n<td>Poids<\/td>\n<td class=\"last\">200g<\/td>\n<\/tr>\n<\/tbody>\n<\/table>\n","protected":false},"excerpt":{"rendered":"<ul>\n<li>Utilisez des ingr\u00e9dients canadiens frais et s\u00fbrs.<\/li>\n<li>Avoir une saveur maison traditionnelle attrayante et riche vous satisfera lorsque vous l&#8217;utilisez et n&#8217;oubliera jamais.<\/li>\n<\/ul>\n","protected":false},"featured_media":907,"comment_status":"open","ping_status":"closed","template":"","meta":[],"product_brand":[],"product_cat":[44],"product_tag":[],"class_list":{"0":"post-477","1":"product","2":"type-product","3":"status-publish","4":"has-post-thumbnail","6":"wc_square_synced-yes-fr","7":"product_cat-boeuf-seche-au-cari","8":"description-off","10":"first","11":"instock","12":"taxable","13":"shipping-taxable","14":"purchasable","15":"product-type-simple"},"yoast_head":"<!-- This site is optimized with the Yoast SEO plugin v26.9 - https:\/\/yoast.com\/product\/yoast-seo-wordpress\/ -->\n<title>Boeuf S\u00e9ch\u00e9 au Cari Pack 200g | Kh\u00f4 B\u00f2 H\u01b0\u01a1ng Ch\u00e2u<\/title>\n<meta name=\"description\" content=\"Kh\u00f4 B\u00f2 H\u01b0\u01a1ng Ch\u00e2u. S\u1eed d\u1ee5ng ngu\u1ed3n nguy\u00ean li\u1ec7u Canada t\u01b0\u01a1i ngon, an to\u00e0n. C\u00f3 m\u1ed9t h\u01b0\u01a1ng v\u1ecb truy\u1ec1n th\u1ed1ng qu\u00ea h\u01b0\u01a1ng h\u1ea5p d\u1eabn, \u0111\u1eadm \u0111\u00e0 s\u1ebd l\u00e0m v\u1eeba l\u00f2ng qu\u00fd kh\u00e1ch ...\" \/>\n<meta name=\"robots\" content=\"index, follow, max-snippet:-1, max-image-preview:large, max-video-preview:-1\" \/>\n<link rel=\"canonical\" href=\"https:\/\/huongchaukhobo.com\/fr\/product\/boeuf-seche-au-cari-pack-200g\/\" \/>\n<meta property=\"og:locale\" content=\"fr_FR\" \/>\n<meta property=\"og:type\" content=\"article\" \/>\n<meta property=\"og:title\" content=\"Boeuf S\u00e9ch\u00e9 au Cari Pack 200g | Kh\u00f4 B\u00f2 H\u01b0\u01a1ng Ch\u00e2u\" \/>\n<meta property=\"og:description\" content=\"Kh\u00f4 B\u00f2 H\u01b0\u01a1ng Ch\u00e2u. S\u1eed d\u1ee5ng ngu\u1ed3n nguy\u00ean li\u1ec7u Canada t\u01b0\u01a1i ngon, an to\u00e0n. C\u00f3 m\u1ed9t h\u01b0\u01a1ng v\u1ecb truy\u1ec1n th\u1ed1ng qu\u00ea h\u01b0\u01a1ng h\u1ea5p d\u1eabn, \u0111\u1eadm \u0111\u00e0 s\u1ebd l\u00e0m v\u1eeba l\u00f2ng qu\u00fd kh\u00e1ch ...\" \/>\n<meta property=\"og:url\" content=\"https:\/\/huongchaukhobo.com\/fr\/product\/boeuf-seche-au-cari-pack-200g\/\" \/>\n<meta property=\"og:site_name\" content=\"Kh\u00f4 B\u00f2 H\u01b0\u01a1ng Ch\u00e2u\" \/>\n<meta property=\"article:modified_time\" content=\"2024-11-10T13:18:36+00:00\" \/>\n<meta property=\"og:image\" content=\"https:\/\/huongchaukhobo.com\/wp-content\/uploads\/2018\/10\/cari-200g-1920-scaled-2.jpg\" \/>\n\t<meta property=\"og:image:width\" content=\"1863\" \/>\n\t<meta property=\"og:image:height\" content=\"2560\" \/>\n\t<meta property=\"og:image:type\" content=\"image\/jpeg\" \/>\n<meta name=\"twitter:card\" content=\"summary_large_image\" \/>\n<meta name=\"twitter:label1\" content=\"Est. reading time\" \/>\n\t<meta name=\"twitter:data1\" content=\"1 minute\" \/>\n<script type=\"application\/ld+json\" class=\"yoast-schema-graph\">{\"@context\":\"https:\/\/schema.org\",\"@graph\":[{\"@type\":\"WebPage\",\"@id\":\"https:\/\/huongchaukhobo.com\/fr\/product\/boeuf-seche-au-cari-pack-200g\/\",\"url\":\"https:\/\/huongchaukhobo.com\/fr\/product\/boeuf-seche-au-cari-pack-200g\/\",\"name\":\"Boeuf S\u00e9ch\u00e9 au Cari Pack 200g | Kh\u00f4 B\u00f2 H\u01b0\u01a1ng Ch\u00e2u\",\"isPartOf\":{\"@id\":\"https:\/\/huongchaukhobo.com\/#website\"},\"primaryImageOfPage\":{\"@id\":\"https:\/\/huongchaukhobo.com\/fr\/product\/boeuf-seche-au-cari-pack-200g\/#primaryimage\"},\"image\":{\"@id\":\"https:\/\/huongchaukhobo.com\/fr\/product\/boeuf-seche-au-cari-pack-200g\/#primaryimage\"},\"thumbnailUrl\":\"https:\/\/huongchaukhobo.com\/wp-content\/uploads\/2018\/10\/cari-200g-1920-scaled-2.jpg\",\"datePublished\":\"2018-10-01T13:48:37+00:00\",\"dateModified\":\"2024-11-10T13:18:36+00:00\",\"description\":\"Kh\u00f4 B\u00f2 H\u01b0\u01a1ng Ch\u00e2u. S\u1eed d\u1ee5ng ngu\u1ed3n nguy\u00ean li\u1ec7u Canada t\u01b0\u01a1i ngon, an to\u00e0n. C\u00f3 m\u1ed9t h\u01b0\u01a1ng v\u1ecb truy\u1ec1n th\u1ed1ng qu\u00ea h\u01b0\u01a1ng h\u1ea5p d\u1eabn, \u0111\u1eadm \u0111\u00e0 s\u1ebd l\u00e0m v\u1eeba l\u00f2ng qu\u00fd kh\u00e1ch ...\",\"breadcrumb\":{\"@id\":\"https:\/\/huongchaukhobo.com\/fr\/product\/boeuf-seche-au-cari-pack-200g\/#breadcrumb\"},\"inLanguage\":\"fr-FR\",\"potentialAction\":[{\"@type\":\"ReadAction\",\"target\":[\"https:\/\/huongchaukhobo.com\/fr\/product\/boeuf-seche-au-cari-pack-200g\/\"]}]},{\"@type\":\"ImageObject\",\"inLanguage\":\"fr-FR\",\"@id\":\"https:\/\/huongchaukhobo.com\/fr\/product\/boeuf-seche-au-cari-pack-200g\/#primaryimage\",\"url\":\"https:\/\/huongchaukhobo.com\/wp-content\/uploads\/2018\/10\/cari-200g-1920-scaled-2.jpg\",\"contentUrl\":\"https:\/\/huongchaukhobo.com\/wp-content\/uploads\/2018\/10\/cari-200g-1920-scaled-2.jpg\",\"width\":1863,\"height\":2560},{\"@type\":\"BreadcrumbList\",\"@id\":\"https:\/\/huongchaukhobo.com\/fr\/product\/boeuf-seche-au-cari-pack-200g\/#breadcrumb\",\"itemListElement\":[{\"@type\":\"ListItem\",\"position\":1,\"name\":\"Home\",\"item\":\"https:\/\/huongchaukhobo.com\/fr\/\"},{\"@type\":\"ListItem\",\"position\":2,\"name\":\"Shop \/ Mua H\u00e0ng\",\"item\":\"https:\/\/huongchaukhobo.com\/shop\/\"},{\"@type\":\"ListItem\",\"position\":3,\"name\":\"Boeuf S\u00e9ch\u00e9 au Cari Pack 200g\"}]},{\"@type\":\"WebSite\",\"@id\":\"https:\/\/huongchaukhobo.com\/#website\",\"url\":\"https:\/\/huongchaukhobo.com\/\",\"name\":\"Kh\u00f4 B\u00f2 H\u01b0\u01a1ng Ch\u00e2u\",\"description\":\"Beef Jerky\",\"potentialAction\":[{\"@type\":\"SearchAction\",\"target\":{\"@type\":\"EntryPoint\",\"urlTemplate\":\"https:\/\/huongchaukhobo.com\/?s={search_term_string}\"},\"query-input\":{\"@type\":\"PropertyValueSpecification\",\"valueRequired\":true,\"valueName\":\"search_term_string\"}}],\"inLanguage\":\"fr-FR\"}]}<\/script>\n<!-- \/ Yoast SEO plugin. -->","yoast_head_json":{"title":"Boeuf S\u00e9ch\u00e9 au Cari Pack 200g | Kh\u00f4 B\u00f2 H\u01b0\u01a1ng Ch\u00e2u","description":"Kh\u00f4 B\u00f2 H\u01b0\u01a1ng Ch\u00e2u. S\u1eed d\u1ee5ng ngu\u1ed3n nguy\u00ean li\u1ec7u Canada t\u01b0\u01a1i ngon, an to\u00e0n. C\u00f3 m\u1ed9t h\u01b0\u01a1ng v\u1ecb truy\u1ec1n th\u1ed1ng qu\u00ea h\u01b0\u01a1ng h\u1ea5p d\u1eabn, \u0111\u1eadm \u0111\u00e0 s\u1ebd l\u00e0m v\u1eeba l\u00f2ng qu\u00fd kh\u00e1ch ...","robots":{"index":"index","follow":"follow","max-snippet":"max-snippet:-1","max-image-preview":"max-image-preview:large","max-video-preview":"max-video-preview:-1"},"canonical":"https:\/\/huongchaukhobo.com\/fr\/product\/boeuf-seche-au-cari-pack-200g\/","og_locale":"fr_FR","og_type":"article","og_title":"Boeuf S\u00e9ch\u00e9 au Cari Pack 200g | Kh\u00f4 B\u00f2 H\u01b0\u01a1ng Ch\u00e2u","og_description":"Kh\u00f4 B\u00f2 H\u01b0\u01a1ng Ch\u00e2u. S\u1eed d\u1ee5ng ngu\u1ed3n nguy\u00ean li\u1ec7u Canada t\u01b0\u01a1i ngon, an to\u00e0n. C\u00f3 m\u1ed9t h\u01b0\u01a1ng v\u1ecb truy\u1ec1n th\u1ed1ng qu\u00ea h\u01b0\u01a1ng h\u1ea5p d\u1eabn, \u0111\u1eadm \u0111\u00e0 s\u1ebd l\u00e0m v\u1eeba l\u00f2ng qu\u00fd kh\u00e1ch ...","og_url":"https:\/\/huongchaukhobo.com\/fr\/product\/boeuf-seche-au-cari-pack-200g\/","og_site_name":"Kh\u00f4 B\u00f2 H\u01b0\u01a1ng Ch\u00e2u","article_modified_time":"2024-11-10T13:18:36+00:00","og_image":[{"width":1863,"height":2560,"url":"https:\/\/huongchaukhobo.com\/wp-content\/uploads\/2018\/10\/cari-200g-1920-scaled-2.jpg","type":"image\/jpeg"}],"twitter_card":"summary_large_image","twitter_misc":{"Est. reading time":"1 minute"},"schema":{"@context":"https:\/\/schema.org","@graph":[{"@type":"WebPage","@id":"https:\/\/huongchaukhobo.com\/fr\/product\/boeuf-seche-au-cari-pack-200g\/","url":"https:\/\/huongchaukhobo.com\/fr\/product\/boeuf-seche-au-cari-pack-200g\/","name":"Boeuf S\u00e9ch\u00e9 au Cari Pack 200g | Kh\u00f4 B\u00f2 H\u01b0\u01a1ng Ch\u00e2u","isPartOf":{"@id":"https:\/\/huongchaukhobo.com\/#website"},"primaryImageOfPage":{"@id":"https:\/\/huongchaukhobo.com\/fr\/product\/boeuf-seche-au-cari-pack-200g\/#primaryimage"},"image":{"@id":"https:\/\/huongchaukhobo.com\/fr\/product\/boeuf-seche-au-cari-pack-200g\/#primaryimage"},"thumbnailUrl":"https:\/\/huongchaukhobo.com\/wp-content\/uploads\/2018\/10\/cari-200g-1920-scaled-2.jpg","datePublished":"2018-10-01T13:48:37+00:00","dateModified":"2024-11-10T13:18:36+00:00","description":"Kh\u00f4 B\u00f2 H\u01b0\u01a1ng Ch\u00e2u. S\u1eed d\u1ee5ng ngu\u1ed3n nguy\u00ean li\u1ec7u Canada t\u01b0\u01a1i ngon, an to\u00e0n. C\u00f3 m\u1ed9t h\u01b0\u01a1ng v\u1ecb truy\u1ec1n th\u1ed1ng qu\u00ea h\u01b0\u01a1ng h\u1ea5p d\u1eabn, \u0111\u1eadm \u0111\u00e0 s\u1ebd l\u00e0m v\u1eeba l\u00f2ng qu\u00fd kh\u00e1ch ...","breadcrumb":{"@id":"https:\/\/huongchaukhobo.com\/fr\/product\/boeuf-seche-au-cari-pack-200g\/#breadcrumb"},"inLanguage":"fr-FR","potentialAction":[{"@type":"ReadAction","target":["https:\/\/huongchaukhobo.com\/fr\/product\/boeuf-seche-au-cari-pack-200g\/"]}]},{"@type":"ImageObject","inLanguage":"fr-FR","@id":"https:\/\/huongchaukhobo.com\/fr\/product\/boeuf-seche-au-cari-pack-200g\/#primaryimage","url":"https:\/\/huongchaukhobo.com\/wp-content\/uploads\/2018\/10\/cari-200g-1920-scaled-2.jpg","contentUrl":"https:\/\/huongchaukhobo.com\/wp-content\/uploads\/2018\/10\/cari-200g-1920-scaled-2.jpg","width":1863,"height":2560},{"@type":"BreadcrumbList","@id":"https:\/\/huongchaukhobo.com\/fr\/product\/boeuf-seche-au-cari-pack-200g\/#breadcrumb","itemListElement":[{"@type":"ListItem","position":1,"name":"Home","item":"https:\/\/huongchaukhobo.com\/fr\/"},{"@type":"ListItem","position":2,"name":"Shop \/ Mua H\u00e0ng","item":"https:\/\/huongchaukhobo.com\/shop\/"},{"@type":"ListItem","position":3,"name":"Boeuf S\u00e9ch\u00e9 au Cari Pack 200g"}]},{"@type":"WebSite","@id":"https:\/\/huongchaukhobo.com\/#website","url":"https:\/\/huongchaukhobo.com\/","name":"Kh\u00f4 B\u00f2 H\u01b0\u01a1ng Ch\u00e2u","description":"Beef Jerky","potentialAction":[{"@type":"SearchAction","target":{"@type":"EntryPoint","urlTemplate":"https:\/\/huongchaukhobo.com\/?s={search_term_string}"},"query-input":{"@type":"PropertyValueSpecification","valueRequired":true,"valueName":"search_term_string"}}],"inLanguage":"fr-FR"}]}},"_links":{"self":[{"href":"https:\/\/huongchaukhobo.com\/fr\/wp-json\/wp\/v2\/product\/477","targetHints":{"allow":["GET"]}}],"collection":[{"href":"https:\/\/huongchaukhobo.com\/fr\/wp-json\/wp\/v2\/product"}],"about":[{"href":"https:\/\/huongchaukhobo.com\/fr\/wp-json\/wp\/v2\/types\/product"}],"replies":[{"embeddable":true,"href":"https:\/\/huongchaukhobo.com\/fr\/wp-json\/wp\/v2\/comments?post=477"}],"wp:featuredmedia":[{"embeddable":true,"href":"https:\/\/huongchaukhobo.com\/fr\/wp-json\/wp\/v2\/media\/907"}],"wp:attachment":[{"href":"https:\/\/huongchaukhobo.com\/fr\/wp-json\/wp\/v2\/media?parent=477"}],"wp:term":[{"taxonomy":"product_brand","embeddable":true,"href":"https:\/\/huongchaukhobo.com\/fr\/wp-json\/wp\/v2\/product_brand?post=477"},{"taxonomy":"product_cat","embeddable":true,"href":"https:\/\/huongchaukhobo.com\/fr\/wp-json\/wp\/v2\/product_cat?post=477"},{"taxonomy":"product_tag","embeddable":true,"href":"https:\/\/huongchaukhobo.com\/fr\/wp-json\/wp\/v2\/product_tag?post=477"}],"curies":[{"name":"wp","href":"https:\/\/api.w.org\/{rel}","templated":true}]}}