{"id":500,"date":"2018-10-02T10:23:23","date_gmt":"2018-10-02T14:23:23","guid":{"rendered":"https:\/\/huongchaukhobo.com\/lien-lac\/"},"modified":"2020-09-14T11:17:52","modified_gmt":"2020-09-14T15:17:52","slug":"nous-contacter","status":"publish","type":"page","link":"https:\/\/huongchaukhobo.com\/fr\/nous-contacter\/","title":{"rendered":"Nous Contacter"},"content":{"rendered":"<div class=\"wpb-content-wrapper\"><p>[vc_row][vc_column][vc_row_inner][vc_column_inner width=&#8221;1\/2&#8243;][vc_column_text]Pour plus d&#8217;information, veuillez contacter:<\/p>\n<p><b class=\"my-bold-text\">PHONG NGUYEN<\/b><br \/>\nT\u00e9l.: <b class=\"my-bold-text\">(514) 699-0678<\/b><br \/>\nEmail: <b class=\"my-bold-text\">huongchaukhobo@gmail.com<\/b><\/p>\n<p>Nous avons des prix sp\u00e9ciaux pour les revendeurs qui ach\u00e8tent en gros.<br \/>\nContactez Phong au <strong>(514) 699-0678<\/strong><br \/>\npour plus de d\u00e9tails.[\/vc_column_text][\/vc_column_inner][vc_column_inner width=&#8221;1\/2&#8243;]<noscript class=\"ninja-forms-noscript-message\">\n\tRemarque \u2013 JavaScript est requis pour ce contenu.<\/noscript>\n<div id=\"nf-form-5-cont\" class=\"nf-form-cont\" aria-live=\"polite\" aria-labelledby=\"nf-form-title-5\" aria-describedby=\"nf-form-errors-5\" role=\"form\">\n\n    <div class=\"nf-loading-spinner\"><\/div>\n\n<\/div>\n        <!-- That data is being printed as a workaround to page builders reordering the order of the scripts loaded-->\n        <script>var formDisplay=1;var nfForms=nfForms||[];var form=[];form.id='5';form.settings={\"objectType\":\"Form Setting\",\"editActive\":true,\"title\":\"Nous joindre\",\"created_at\":\"2020-09-14 11:12:04\",\"default_label_pos\":\"above\",\"show_title\":\"0\",\"clear_complete\":\"1\",\"hide_complete\":\"1\",\"logged_in\":\"0\",\"save_subs\":\"1\",\"append_page\":\"\",\"ajax\":\"1\",\"landing_page\":\"\",\"success_msg\":\"Thank you! We'll get back to you shortly.\",\"email_from\":\"\",\"email_type\":\"html\",\"user_email_msg\":\"\",\"user_email_fields\":\"0\",\"admin_email_msg\":\"\",\"admin_email_fields\":\"1\",\"admin_attach_csv\":\"0\",\"last_sub\":\"20\",\"wrapper_class\":\"\",\"element_class\":\"\",\"key\":\"\",\"add_submit\":\"1\",\"currency\":\"\",\"unique_field_error\":\"A form with this value has already been submitted.\",\"not_logged_in_msg\":\"\",\"sub_limit_msg\":\"The form has reached its submission limit.\",\"calculations\":[],\"formContentData\":[\"email_1600096246455\",\"message_1600096256881\",\"envoyer_1600096376505\"],\"drawerDisabled\":false,\"changeEmailErrorMsg\":\"Entrez une adresse email valide\\u00a0!\",\"changeDateErrorMsg\":\"Please enter a valid date!\",\"confirmFieldErrorMsg\":\"Ces champs doivent correspondre\\u00a0!\",\"fieldNumberNumMinError\":\"Erreur min num\\u00e9ro\",\"fieldNumberNumMaxError\":\"Erreur max num\\u00e9ro\",\"fieldNumberIncrementBy\":\"Incr\\u00e9menter par \",\"formErrorsCorrectErrors\":\"Corrigez les erreurs avant de soumettre ce formulaire.\",\"validateRequiredField\":\"Ce champs est requis.\",\"honeypotHoneypotError\":\"Erreur Honeypot\",\"fieldsMarkedRequired\":\"Les champs marqu\\u00e9s d\\u2019un ast\\u00e9risque <span class=\\\"ninja-forms-req-symbol\\\">*<\\\/span> sont obligatoires.\",\"allow_public_link\":0,\"embed_form\":\"\",\"ninjaForms\":\"Ninja Forms\",\"fieldTextareaRTEInsertLink\":\"Ins\\u00e9rer le lien\",\"fieldTextareaRTEInsertMedia\":\"Ins\\u00e9rer le m\\u00e9dia\",\"fieldTextareaRTESelectAFile\":\"S\\u00e9lectionner un fichier\",\"formHoneypot\":\"Si vous \\u00eates un \\u00eatre humain visualisant ce champ, merci de le laisser vide.\",\"fileUploadOldCodeFileUploadInProgress\":\"Upload du fichier en cours\",\"fileUploadOldCodeFileUpload\":\"UPLOAD FICHIER\",\"currencySymbol\":false,\"thousands_sep\":\",\",\"decimal_point\":\".\",\"siteLocale\":\"fr_FR\",\"dateFormat\":\"m\\\/d\\\/Y\",\"startOfWeek\":\"1\",\"of\":\"de\",\"previousMonth\":\"Previous Month\",\"nextMonth\":\"Next Month\",\"months\":[\"January\",\"February\",\"March\",\"April\",\"May\",\"June\",\"July\",\"August\",\"September\",\"October\",\"November\",\"December\"],\"monthsShort\":[\"Jan\",\"Feb\",\"Mar\",\"Apr\",\"May\",\"Jun\",\"Jul\",\"Aug\",\"Sep\",\"Oct\",\"Nov\",\"Dec\"],\"weekdays\":[\"Sunday\",\"Monday\",\"Tuesday\",\"Wednesday\",\"Thursday\",\"Friday\",\"Saturday\"],\"weekdaysShort\":[\"Sun\",\"Mon\",\"Tue\",\"Wed\",\"Thu\",\"Fri\",\"Sat\"],\"weekdaysMin\":[\"Su\",\"Mo\",\"Tu\",\"We\",\"Th\",\"Fr\",\"Sa\"],\"recaptchaConsentMissing\":\"reCaptcha validation couldn&#039;t load.\",\"recaptchaMissingCookie\":\"reCaptcha v3 validation couldn&#039;t load the cookie needed to submit the form.\",\"recaptchaConsentEvent\":\"Accept reCaptcha cookies before sending the form.\",\"currency_symbol\":\"\",\"beforeForm\":\"\",\"beforeFields\":\"\",\"afterFields\":\"\",\"afterForm\":\"\"};form.fields=[{\"objectType\":\"Field\",\"objectDomain\":\"fields\",\"editActive\":false,\"order\":0,\"fav_id\":0,\"def_id\":14,\"label_pos\":\"hidden\",\"default_value\":\"\",\"mask\":\"\",\"datepicker\":0,\"first_name\":0,\"last_name\":0,\"from_name\":0,\"user_address_1\":0,\"user_address_2\":0,\"user_city\":0,\"user_zip\":0,\"user_phone\":0,\"user_info_field_group\":1,\"show_help\":0,\"help_text\":\"\",\"calc_auto_include\":0,\"calc_option\":0,\"conditional\":\"\",\"user_info_field_group_name\":\"\",\"user_info_field_group_custom\":\"\",\"user_state\":0,\"input_limit\":\"\",\"input_limit_type\":\"char\",\"input_limit_msg\":\"\",\"show_desc\":0,\"desc_pos\":\"none\",\"desc_text\":\"\",\"admin_label\":\"\",\"num_sort\":0,\"element_class\":\"\",\"required\":1,\"default\":\"\",\"placeholder\":\"Email\",\"container_class\":\"\",\"custom_name_attribute\":\"email\",\"personally_identifiable\":1,\"drawerDisabled\":\"\",\"type\":\"email\",\"label\":\"Email\",\"key\":\"email_1600096246455\",\"created_at\":\"2018-10-02 10:22:06\",\"value\":\"\",\"field_label\":\"Email\",\"field_key\":\"email_1600096246455\",\"id\":13,\"beforeField\":\"\",\"afterField\":\"\",\"parentType\":\"email\",\"element_templates\":[\"email\",\"input\"],\"old_classname\":\"\",\"wrap_template\":\"wrap\"},{\"objectType\":\"Field\",\"objectDomain\":\"fields\",\"editActive\":false,\"order\":1,\"fav_id\":0,\"def_id\":0,\"label_pos\":\"hidden\",\"default_value\":\"\",\"textarea_rte\":0,\"disable_rte_mobile\":0,\"show_help\":0,\"help_text\":\"\",\"calc_auto_include\":0,\"calc_option\":0,\"textarea_media\":0,\"input_limit\":\"\",\"input_limit_type\":\"char\",\"input_limit_msg\":\"\",\"show_desc\":0,\"desc_pos\":\"none\",\"desc_text\":\"\",\"admin_label\":\"\",\"num_sort\":0,\"element_class\":\"\",\"required\":1,\"default\":\"\",\"placeholder\":\"Message ...\",\"container_class\":\"\",\"manual_key\":\"\",\"drawerDisabled\":\"\",\"type\":\"textarea\",\"label\":\"Message ...\",\"key\":\"message_1600096256881\",\"created_at\":\"2018-10-02 10:22:06\",\"value\":\"\",\"field_label\":\"Message ...\",\"field_key\":\"message_1600096256881\",\"id\":14,\"beforeField\":\"\",\"afterField\":\"\",\"parentType\":\"textarea\",\"element_templates\":[\"textarea\",\"input\"],\"old_classname\":\"\",\"wrap_template\":\"wrap\"},{\"objectType\":\"Field\",\"objectDomain\":\"fields\",\"editActive\":false,\"order\":2,\"fav_id\":0,\"def_id\":0,\"show_help\":0,\"help_text\":\"\",\"show_desc\":0,\"desc_pos\":\"none\",\"desc_text\":\"\",\"processing_label\":\"Processing\",\"element_class\":\"button\",\"container_class\":\"\",\"type\":\"submit\",\"label\":\"Envoyer\",\"key\":\"envoyer_1600096376505\",\"created_at\":\"2018-10-02 10:22:06\",\"field_label\":\"G\\u1eedi Tin Nh\\u1eafn\",\"field_key\":\"submit_8\",\"drawerDisabled\":false,\"id\":15,\"beforeField\":\"\",\"afterField\":\"\",\"value\":\"\",\"label_pos\":\"above\",\"parentType\":\"textbox\",\"element_templates\":[\"submit\",\"button\",\"input\"],\"old_classname\":\"\",\"wrap_template\":\"wrap-no-label\"}];nfForms.push(form);<\/script>\n        [\/vc_column_inner][\/vc_row_inner][\/vc_column][\/vc_row]<\/p>\n<\/div>","protected":false},"excerpt":{"rendered":"<p>[vc_row][vc_column][vc_row_inner][vc_column_inner width=&#8221;1\/2&#8243;][vc_column_text]Pour plus d&#8217;information, veuillez contacter: PHONG NGUYEN T\u00e9l.: (514) 699-0678 Email: huongchaukhobo@gmail.com Nous avons des prix sp\u00e9ciaux pour les revendeurs qui ach\u00e8tent en gros. Contactez Phong au (514) 699-0678 pour plus de d\u00e9tails.[\/vc_column_text][\/vc_column_inner][vc_column_inner width=&#8221;1\/2&#8243;][\/vc_column_inner][\/vc_row_inner][\/vc_column][\/vc_row]<\/p>\n","protected":false},"author":1,"featured_media":0,"parent":0,"menu_order":0,"comment_status":"closed","ping_status":"closed","template":"template-microsite.php","meta":{"footnotes":""},"class_list":["post-500","page","type-page","status-publish","hentry","description-off"],"yoast_head":"<!-- This site is optimized with the Yoast SEO plugin v26.9 - https:\/\/yoast.com\/product\/yoast-seo-wordpress\/ -->\n<title>Nous Contacter | Kh\u00f4 B\u00f2 H\u01b0\u01a1ng Ch\u00e2u<\/title>\n<meta name=\"robots\" content=\"index, follow, max-snippet:-1, max-image-preview:large, max-video-preview:-1\" \/>\n<link rel=\"canonical\" href=\"https:\/\/huongchaukhobo.com\/fr\/nous-contacter\/\" \/>\n<meta property=\"og:locale\" content=\"fr_FR\" \/>\n<meta property=\"og:type\" content=\"article\" \/>\n<meta property=\"og:title\" content=\"Nous Contacter | Kh\u00f4 B\u00f2 H\u01b0\u01a1ng Ch\u00e2u\" \/>\n<meta property=\"og:description\" content=\"[vc_row][vc_column][vc_row_inner][vc_column_inner width=&#8221;1\/2&#8243;][vc_column_text]Pour plus d&#8217;information, veuillez contacter: PHONG NGUYEN T\u00e9l.: (514) 699-0678 Email: huongchaukhobo@gmail.com Nous avons des prix sp\u00e9ciaux pour les revendeurs qui ach\u00e8tent en gros. Contactez Phong au (514) 699-0678 pour plus de d\u00e9tails.[\/vc_column_text][\/vc_column_inner][vc_column_inner width=&#8221;1\/2&#8243;][\/vc_column_inner][\/vc_row_inner][\/vc_column][\/vc_row]\" \/>\n<meta property=\"og:url\" content=\"https:\/\/huongchaukhobo.com\/fr\/nous-contacter\/\" \/>\n<meta property=\"og:site_name\" content=\"Kh\u00f4 B\u00f2 H\u01b0\u01a1ng Ch\u00e2u\" \/>\n<meta property=\"article:modified_time\" content=\"2020-09-14T15:17:52+00:00\" \/>\n<meta name=\"twitter:card\" content=\"summary_large_image\" \/>\n<script type=\"application\/ld+json\" class=\"yoast-schema-graph\">{\"@context\":\"https:\/\/schema.org\",\"@graph\":[{\"@type\":\"WebPage\",\"@id\":\"https:\/\/huongchaukhobo.com\/fr\/nous-contacter\/\",\"url\":\"https:\/\/huongchaukhobo.com\/fr\/nous-contacter\/\",\"name\":\"Nous Contacter | Kh\u00f4 B\u00f2 H\u01b0\u01a1ng Ch\u00e2u\",\"isPartOf\":{\"@id\":\"https:\/\/huongchaukhobo.com\/#website\"},\"datePublished\":\"2018-10-02T14:23:23+00:00\",\"dateModified\":\"2020-09-14T15:17:52+00:00\",\"breadcrumb\":{\"@id\":\"https:\/\/huongchaukhobo.com\/fr\/nous-contacter\/#breadcrumb\"},\"inLanguage\":\"fr-FR\",\"potentialAction\":[{\"@type\":\"ReadAction\",\"target\":[\"https:\/\/huongchaukhobo.com\/fr\/nous-contacter\/\"]}]},{\"@type\":\"BreadcrumbList\",\"@id\":\"https:\/\/huongchaukhobo.com\/fr\/nous-contacter\/#breadcrumb\",\"itemListElement\":[{\"@type\":\"ListItem\",\"position\":1,\"name\":\"Home\",\"item\":\"https:\/\/huongchaukhobo.com\/fr\/\"},{\"@type\":\"ListItem\",\"position\":2,\"name\":\"Nous Contacter\"}]},{\"@type\":\"WebSite\",\"@id\":\"https:\/\/huongchaukhobo.com\/#website\",\"url\":\"https:\/\/huongchaukhobo.com\/\",\"name\":\"Kh\u00f4 B\u00f2 H\u01b0\u01a1ng Ch\u00e2u\",\"description\":\"Beef Jerky\",\"potentialAction\":[{\"@type\":\"SearchAction\",\"target\":{\"@type\":\"EntryPoint\",\"urlTemplate\":\"https:\/\/huongchaukhobo.com\/?s={search_term_string}\"},\"query-input\":{\"@type\":\"PropertyValueSpecification\",\"valueRequired\":true,\"valueName\":\"search_term_string\"}}],\"inLanguage\":\"fr-FR\"}]}<\/script>\n<!-- \/ Yoast SEO plugin. -->","yoast_head_json":{"title":"Nous Contacter | Kh\u00f4 B\u00f2 H\u01b0\u01a1ng Ch\u00e2u","robots":{"index":"index","follow":"follow","max-snippet":"max-snippet:-1","max-image-preview":"max-image-preview:large","max-video-preview":"max-video-preview:-1"},"canonical":"https:\/\/huongchaukhobo.com\/fr\/nous-contacter\/","og_locale":"fr_FR","og_type":"article","og_title":"Nous Contacter | Kh\u00f4 B\u00f2 H\u01b0\u01a1ng Ch\u00e2u","og_description":"[vc_row][vc_column][vc_row_inner][vc_column_inner width=&#8221;1\/2&#8243;][vc_column_text]Pour plus d&#8217;information, veuillez contacter: PHONG NGUYEN T\u00e9l.: (514) 699-0678 Email: huongchaukhobo@gmail.com Nous avons des prix sp\u00e9ciaux pour les revendeurs qui ach\u00e8tent en gros. Contactez Phong au (514) 699-0678 pour plus de d\u00e9tails.[\/vc_column_text][\/vc_column_inner][vc_column_inner width=&#8221;1\/2&#8243;][\/vc_column_inner][\/vc_row_inner][\/vc_column][\/vc_row]","og_url":"https:\/\/huongchaukhobo.com\/fr\/nous-contacter\/","og_site_name":"Kh\u00f4 B\u00f2 H\u01b0\u01a1ng Ch\u00e2u","article_modified_time":"2020-09-14T15:17:52+00:00","twitter_card":"summary_large_image","schema":{"@context":"https:\/\/schema.org","@graph":[{"@type":"WebPage","@id":"https:\/\/huongchaukhobo.com\/fr\/nous-contacter\/","url":"https:\/\/huongchaukhobo.com\/fr\/nous-contacter\/","name":"Nous Contacter | Kh\u00f4 B\u00f2 H\u01b0\u01a1ng Ch\u00e2u","isPartOf":{"@id":"https:\/\/huongchaukhobo.com\/#website"},"datePublished":"2018-10-02T14:23:23+00:00","dateModified":"2020-09-14T15:17:52+00:00","breadcrumb":{"@id":"https:\/\/huongchaukhobo.com\/fr\/nous-contacter\/#breadcrumb"},"inLanguage":"fr-FR","potentialAction":[{"@type":"ReadAction","target":["https:\/\/huongchaukhobo.com\/fr\/nous-contacter\/"]}]},{"@type":"BreadcrumbList","@id":"https:\/\/huongchaukhobo.com\/fr\/nous-contacter\/#breadcrumb","itemListElement":[{"@type":"ListItem","position":1,"name":"Home","item":"https:\/\/huongchaukhobo.com\/fr\/"},{"@type":"ListItem","position":2,"name":"Nous Contacter"}]},{"@type":"WebSite","@id":"https:\/\/huongchaukhobo.com\/#website","url":"https:\/\/huongchaukhobo.com\/","name":"Kh\u00f4 B\u00f2 H\u01b0\u01a1ng Ch\u00e2u","description":"Beef Jerky","potentialAction":[{"@type":"SearchAction","target":{"@type":"EntryPoint","urlTemplate":"https:\/\/huongchaukhobo.com\/?s={search_term_string}"},"query-input":{"@type":"PropertyValueSpecification","valueRequired":true,"valueName":"search_term_string"}}],"inLanguage":"fr-FR"}]}},"_links":{"self":[{"href":"https:\/\/huongchaukhobo.com\/fr\/wp-json\/wp\/v2\/pages\/500","targetHints":{"allow":["GET"]}}],"collection":[{"href":"https:\/\/huongchaukhobo.com\/fr\/wp-json\/wp\/v2\/pages"}],"about":[{"href":"https:\/\/huongchaukhobo.com\/fr\/wp-json\/wp\/v2\/types\/page"}],"author":[{"embeddable":true,"href":"https:\/\/huongchaukhobo.com\/fr\/wp-json\/wp\/v2\/users\/1"}],"replies":[{"embeddable":true,"href":"https:\/\/huongchaukhobo.com\/fr\/wp-json\/wp\/v2\/comments?post=500"}],"version-history":[{"count":0,"href":"https:\/\/huongchaukhobo.com\/fr\/wp-json\/wp\/v2\/pages\/500\/revisions"}],"wp:attachment":[{"href":"https:\/\/huongchaukhobo.com\/fr\/wp-json\/wp\/v2\/media?parent=500"}],"curies":[{"name":"wp","href":"https:\/\/api.w.org\/{rel}","templated":true}]}}