{"id":896,"date":"2024-11-10T07:43:36","date_gmt":"2024-11-10T12:43:36","guid":{"rendered":"https:\/\/huongchaukhobo.com\/product\/cha-bong-heo-goi-150gporc-effiloche-frayed-pork\/"},"modified":"2024-11-10T08:12:08","modified_gmt":"2024-11-10T13:12:08","slug":"cha-bong-heo-goi-150gporc-effiloche-frayed-pork","status":"publish","type":"product","link":"https:\/\/huongchaukhobo.com\/en\/product\/cha-bong-heo-goi-150gporc-effiloche-frayed-pork\/","title":{"rendered":"Frayed Pork 150g Pack"},"content":{"rendered":"<table id=\"chi-tiet\" class=\"table table-bordered table-detail table-striped\" cellspacing=\"0\">\n<colgroup>\n<col style=\"width: 25%;\" \/>\n<col \/> <\/colgroup>\n<tbody>\n<tr>\n<td>Brand<\/td>\n<td class=\"last\"><a href=\"http:\/\/huongchaukhobo.com\">H\u01b0\u01a1ng Ch\u00e2u<\/a><\/td>\n<\/tr>\n<tr>\n<td>Made in<\/td>\n<td class=\"last\">Canada<\/td>\n<\/tr>\n<tr>\n<td>Emballage<\/td>\n<td class=\"last\">Pack<\/td>\n<\/tr>\n<tr>\n<td>Weight<\/td>\n<td class=\"last\">150g<\/td>\n<\/tr>\n<\/tbody>\n<\/table>\n","protected":false},"excerpt":{"rendered":"<ul>\n<li>Use fresh and safe Canadian ingredients.<\/li>\n<li>Having an attractive, rich traditional home flavor will satisfy you when you use it and will never forget.<\/li>\n<\/ul>\n","protected":false},"featured_media":898,"comment_status":"open","ping_status":"closed","template":"","meta":[],"product_brand":[],"product_cat":[58],"product_tag":[],"class_list":{"0":"post-896","1":"product","2":"type-product","3":"status-publish","4":"has-post-thumbnail","6":"product_cat-cha-bong-heo-en","7":"description-off","9":"first","10":"instock","11":"taxable","12":"shipping-taxable","13":"purchasable","14":"product-type-simple"},"yoast_head":"<!-- This site is optimized with the Yoast SEO plugin v26.9 - https:\/\/yoast.com\/product\/yoast-seo-wordpress\/ -->\n<title>Frayed Pork 150g Pack | Kh\u00f4 B\u00f2 H\u01b0\u01a1ng Ch\u00e2u<\/title>\n<meta name=\"description\" content=\"H\u01b0\u01a1ng Ch\u00e2u - Ch\u00e0 B\u00f4ng Heo. S\u1eed d\u1ee5ng ngu\u1ed3n nguy\u00ean li\u1ec7u Canada t\u01b0\u01a1i ngon, an to\u00e0n. C\u00f3 m\u1ed9t h\u01b0\u01a1ng v\u1ecb truy\u1ec1n th\u1ed1ng qu\u00ea h\u01b0\u01a1ng h\u1ea5p d\u1eabn, \u0111\u1eadm \u0111\u00e0 s\u1ebd l\u00e0m v\u1eeba l\u00f2ng qu\u00fd kh\u00e1ch ...\" \/>\n<meta name=\"robots\" content=\"index, follow, max-snippet:-1, max-image-preview:large, max-video-preview:-1\" \/>\n<link rel=\"canonical\" href=\"https:\/\/huongchaukhobo.com\/en\/product\/cha-bong-heo-goi-150gporc-effiloche-frayed-pork\/\" \/>\n<meta property=\"og:locale\" content=\"en_US\" \/>\n<meta property=\"og:type\" content=\"article\" \/>\n<meta property=\"og:title\" content=\"Frayed Pork 150g Pack | Kh\u00f4 B\u00f2 H\u01b0\u01a1ng Ch\u00e2u\" \/>\n<meta property=\"og:description\" content=\"H\u01b0\u01a1ng Ch\u00e2u - Ch\u00e0 B\u00f4ng Heo. S\u1eed d\u1ee5ng ngu\u1ed3n nguy\u00ean li\u1ec7u Canada t\u01b0\u01a1i ngon, an to\u00e0n. C\u00f3 m\u1ed9t h\u01b0\u01a1ng v\u1ecb truy\u1ec1n th\u1ed1ng qu\u00ea h\u01b0\u01a1ng h\u1ea5p d\u1eabn, \u0111\u1eadm \u0111\u00e0 s\u1ebd l\u00e0m v\u1eeba l\u00f2ng qu\u00fd kh\u00e1ch ...\" \/>\n<meta property=\"og:url\" content=\"https:\/\/huongchaukhobo.com\/en\/product\/cha-bong-heo-goi-150gporc-effiloche-frayed-pork\/\" \/>\n<meta property=\"og:site_name\" content=\"Kh\u00f4 B\u00f2 H\u01b0\u01a1ng Ch\u00e2u\" \/>\n<meta property=\"article:modified_time\" content=\"2024-11-10T13:12:08+00:00\" \/>\n<meta property=\"og:image\" content=\"https:\/\/huongchaukhobo.com\/wp-content\/uploads\/2024\/11\/Chao-bong-heo-01-2.jpg\" \/>\n\t<meta property=\"og:image:width\" content=\"1863\" \/>\n\t<meta property=\"og:image:height\" content=\"2425\" \/>\n\t<meta property=\"og:image:type\" content=\"image\/jpeg\" \/>\n<meta name=\"twitter:card\" content=\"summary_large_image\" \/>\n<meta name=\"twitter:label1\" content=\"Est. reading time\" \/>\n\t<meta name=\"twitter:data1\" content=\"1 minute\" \/>\n<script type=\"application\/ld+json\" class=\"yoast-schema-graph\">{\"@context\":\"https:\/\/schema.org\",\"@graph\":[{\"@type\":\"WebPage\",\"@id\":\"https:\/\/huongchaukhobo.com\/en\/product\/cha-bong-heo-goi-150gporc-effiloche-frayed-pork\/\",\"url\":\"https:\/\/huongchaukhobo.com\/en\/product\/cha-bong-heo-goi-150gporc-effiloche-frayed-pork\/\",\"name\":\"Frayed Pork 150g Pack | Kh\u00f4 B\u00f2 H\u01b0\u01a1ng Ch\u00e2u\",\"isPartOf\":{\"@id\":\"https:\/\/huongchaukhobo.com\/#website\"},\"primaryImageOfPage\":{\"@id\":\"https:\/\/huongchaukhobo.com\/en\/product\/cha-bong-heo-goi-150gporc-effiloche-frayed-pork\/#primaryimage\"},\"image\":{\"@id\":\"https:\/\/huongchaukhobo.com\/en\/product\/cha-bong-heo-goi-150gporc-effiloche-frayed-pork\/#primaryimage\"},\"thumbnailUrl\":\"https:\/\/huongchaukhobo.com\/wp-content\/uploads\/2024\/11\/Chao-bong-heo-01-2.jpg\",\"datePublished\":\"2024-11-10T12:43:36+00:00\",\"dateModified\":\"2024-11-10T13:12:08+00:00\",\"description\":\"H\u01b0\u01a1ng Ch\u00e2u - Ch\u00e0 B\u00f4ng Heo. S\u1eed d\u1ee5ng ngu\u1ed3n nguy\u00ean li\u1ec7u Canada t\u01b0\u01a1i ngon, an to\u00e0n. C\u00f3 m\u1ed9t h\u01b0\u01a1ng v\u1ecb truy\u1ec1n th\u1ed1ng qu\u00ea h\u01b0\u01a1ng h\u1ea5p d\u1eabn, \u0111\u1eadm \u0111\u00e0 s\u1ebd l\u00e0m v\u1eeba l\u00f2ng qu\u00fd kh\u00e1ch ...\",\"breadcrumb\":{\"@id\":\"https:\/\/huongchaukhobo.com\/en\/product\/cha-bong-heo-goi-150gporc-effiloche-frayed-pork\/#breadcrumb\"},\"inLanguage\":\"en-CA\",\"potentialAction\":[{\"@type\":\"ReadAction\",\"target\":[\"https:\/\/huongchaukhobo.com\/en\/product\/cha-bong-heo-goi-150gporc-effiloche-frayed-pork\/\"]}]},{\"@type\":\"ImageObject\",\"inLanguage\":\"en-CA\",\"@id\":\"https:\/\/huongchaukhobo.com\/en\/product\/cha-bong-heo-goi-150gporc-effiloche-frayed-pork\/#primaryimage\",\"url\":\"https:\/\/huongchaukhobo.com\/wp-content\/uploads\/2024\/11\/Chao-bong-heo-01-2.jpg\",\"contentUrl\":\"https:\/\/huongchaukhobo.com\/wp-content\/uploads\/2024\/11\/Chao-bong-heo-01-2.jpg\",\"width\":1863,\"height\":2425},{\"@type\":\"BreadcrumbList\",\"@id\":\"https:\/\/huongchaukhobo.com\/en\/product\/cha-bong-heo-goi-150gporc-effiloche-frayed-pork\/#breadcrumb\",\"itemListElement\":[{\"@type\":\"ListItem\",\"position\":1,\"name\":\"Home\",\"item\":\"https:\/\/huongchaukhobo.com\/en\/\"},{\"@type\":\"ListItem\",\"position\":2,\"name\":\"Shop \/ Mua H\u00e0ng\",\"item\":\"https:\/\/huongchaukhobo.com\/shop\/\"},{\"@type\":\"ListItem\",\"position\":3,\"name\":\"Frayed Pork 150g Pack\"}]},{\"@type\":\"WebSite\",\"@id\":\"https:\/\/huongchaukhobo.com\/#website\",\"url\":\"https:\/\/huongchaukhobo.com\/\",\"name\":\"Kh\u00f4 B\u00f2 H\u01b0\u01a1ng Ch\u00e2u\",\"description\":\"Beef Jerky\",\"potentialAction\":[{\"@type\":\"SearchAction\",\"target\":{\"@type\":\"EntryPoint\",\"urlTemplate\":\"https:\/\/huongchaukhobo.com\/?s={search_term_string}\"},\"query-input\":{\"@type\":\"PropertyValueSpecification\",\"valueRequired\":true,\"valueName\":\"search_term_string\"}}],\"inLanguage\":\"en-CA\"}]}<\/script>\n<!-- \/ Yoast SEO plugin. -->","yoast_head_json":{"title":"Frayed Pork 150g Pack | Kh\u00f4 B\u00f2 H\u01b0\u01a1ng Ch\u00e2u","description":"H\u01b0\u01a1ng Ch\u00e2u - Ch\u00e0 B\u00f4ng Heo. S\u1eed d\u1ee5ng ngu\u1ed3n nguy\u00ean li\u1ec7u Canada t\u01b0\u01a1i ngon, an to\u00e0n. C\u00f3 m\u1ed9t h\u01b0\u01a1ng v\u1ecb truy\u1ec1n th\u1ed1ng qu\u00ea h\u01b0\u01a1ng h\u1ea5p d\u1eabn, \u0111\u1eadm \u0111\u00e0 s\u1ebd l\u00e0m v\u1eeba l\u00f2ng qu\u00fd kh\u00e1ch ...","robots":{"index":"index","follow":"follow","max-snippet":"max-snippet:-1","max-image-preview":"max-image-preview:large","max-video-preview":"max-video-preview:-1"},"canonical":"https:\/\/huongchaukhobo.com\/en\/product\/cha-bong-heo-goi-150gporc-effiloche-frayed-pork\/","og_locale":"en_US","og_type":"article","og_title":"Frayed Pork 150g Pack | Kh\u00f4 B\u00f2 H\u01b0\u01a1ng Ch\u00e2u","og_description":"H\u01b0\u01a1ng Ch\u00e2u - Ch\u00e0 B\u00f4ng Heo. S\u1eed d\u1ee5ng ngu\u1ed3n nguy\u00ean li\u1ec7u Canada t\u01b0\u01a1i ngon, an to\u00e0n. C\u00f3 m\u1ed9t h\u01b0\u01a1ng v\u1ecb truy\u1ec1n th\u1ed1ng qu\u00ea h\u01b0\u01a1ng h\u1ea5p d\u1eabn, \u0111\u1eadm \u0111\u00e0 s\u1ebd l\u00e0m v\u1eeba l\u00f2ng qu\u00fd kh\u00e1ch ...","og_url":"https:\/\/huongchaukhobo.com\/en\/product\/cha-bong-heo-goi-150gporc-effiloche-frayed-pork\/","og_site_name":"Kh\u00f4 B\u00f2 H\u01b0\u01a1ng Ch\u00e2u","article_modified_time":"2024-11-10T13:12:08+00:00","og_image":[{"width":1863,"height":2425,"url":"https:\/\/huongchaukhobo.com\/wp-content\/uploads\/2024\/11\/Chao-bong-heo-01-2.jpg","type":"image\/jpeg"}],"twitter_card":"summary_large_image","twitter_misc":{"Est. reading time":"1 minute"},"schema":{"@context":"https:\/\/schema.org","@graph":[{"@type":"WebPage","@id":"https:\/\/huongchaukhobo.com\/en\/product\/cha-bong-heo-goi-150gporc-effiloche-frayed-pork\/","url":"https:\/\/huongchaukhobo.com\/en\/product\/cha-bong-heo-goi-150gporc-effiloche-frayed-pork\/","name":"Frayed Pork 150g Pack | Kh\u00f4 B\u00f2 H\u01b0\u01a1ng Ch\u00e2u","isPartOf":{"@id":"https:\/\/huongchaukhobo.com\/#website"},"primaryImageOfPage":{"@id":"https:\/\/huongchaukhobo.com\/en\/product\/cha-bong-heo-goi-150gporc-effiloche-frayed-pork\/#primaryimage"},"image":{"@id":"https:\/\/huongchaukhobo.com\/en\/product\/cha-bong-heo-goi-150gporc-effiloche-frayed-pork\/#primaryimage"},"thumbnailUrl":"https:\/\/huongchaukhobo.com\/wp-content\/uploads\/2024\/11\/Chao-bong-heo-01-2.jpg","datePublished":"2024-11-10T12:43:36+00:00","dateModified":"2024-11-10T13:12:08+00:00","description":"H\u01b0\u01a1ng Ch\u00e2u - Ch\u00e0 B\u00f4ng Heo. S\u1eed d\u1ee5ng ngu\u1ed3n nguy\u00ean li\u1ec7u Canada t\u01b0\u01a1i ngon, an to\u00e0n. C\u00f3 m\u1ed9t h\u01b0\u01a1ng v\u1ecb truy\u1ec1n th\u1ed1ng qu\u00ea h\u01b0\u01a1ng h\u1ea5p d\u1eabn, \u0111\u1eadm \u0111\u00e0 s\u1ebd l\u00e0m v\u1eeba l\u00f2ng qu\u00fd kh\u00e1ch ...","breadcrumb":{"@id":"https:\/\/huongchaukhobo.com\/en\/product\/cha-bong-heo-goi-150gporc-effiloche-frayed-pork\/#breadcrumb"},"inLanguage":"en-CA","potentialAction":[{"@type":"ReadAction","target":["https:\/\/huongchaukhobo.com\/en\/product\/cha-bong-heo-goi-150gporc-effiloche-frayed-pork\/"]}]},{"@type":"ImageObject","inLanguage":"en-CA","@id":"https:\/\/huongchaukhobo.com\/en\/product\/cha-bong-heo-goi-150gporc-effiloche-frayed-pork\/#primaryimage","url":"https:\/\/huongchaukhobo.com\/wp-content\/uploads\/2024\/11\/Chao-bong-heo-01-2.jpg","contentUrl":"https:\/\/huongchaukhobo.com\/wp-content\/uploads\/2024\/11\/Chao-bong-heo-01-2.jpg","width":1863,"height":2425},{"@type":"BreadcrumbList","@id":"https:\/\/huongchaukhobo.com\/en\/product\/cha-bong-heo-goi-150gporc-effiloche-frayed-pork\/#breadcrumb","itemListElement":[{"@type":"ListItem","position":1,"name":"Home","item":"https:\/\/huongchaukhobo.com\/en\/"},{"@type":"ListItem","position":2,"name":"Shop \/ Mua H\u00e0ng","item":"https:\/\/huongchaukhobo.com\/shop\/"},{"@type":"ListItem","position":3,"name":"Frayed Pork 150g Pack"}]},{"@type":"WebSite","@id":"https:\/\/huongchaukhobo.com\/#website","url":"https:\/\/huongchaukhobo.com\/","name":"Kh\u00f4 B\u00f2 H\u01b0\u01a1ng Ch\u00e2u","description":"Beef Jerky","potentialAction":[{"@type":"SearchAction","target":{"@type":"EntryPoint","urlTemplate":"https:\/\/huongchaukhobo.com\/?s={search_term_string}"},"query-input":{"@type":"PropertyValueSpecification","valueRequired":true,"valueName":"search_term_string"}}],"inLanguage":"en-CA"}]}},"_links":{"self":[{"href":"https:\/\/huongchaukhobo.com\/en\/wp-json\/wp\/v2\/product\/896","targetHints":{"allow":["GET"]}}],"collection":[{"href":"https:\/\/huongchaukhobo.com\/en\/wp-json\/wp\/v2\/product"}],"about":[{"href":"https:\/\/huongchaukhobo.com\/en\/wp-json\/wp\/v2\/types\/product"}],"replies":[{"embeddable":true,"href":"https:\/\/huongchaukhobo.com\/en\/wp-json\/wp\/v2\/comments?post=896"}],"wp:featuredmedia":[{"embeddable":true,"href":"https:\/\/huongchaukhobo.com\/en\/wp-json\/wp\/v2\/media\/898"}],"wp:attachment":[{"href":"https:\/\/huongchaukhobo.com\/en\/wp-json\/wp\/v2\/media?parent=896"}],"wp:term":[{"taxonomy":"product_brand","embeddable":true,"href":"https:\/\/huongchaukhobo.com\/en\/wp-json\/wp\/v2\/product_brand?post=896"},{"taxonomy":"product_cat","embeddable":true,"href":"https:\/\/huongchaukhobo.com\/en\/wp-json\/wp\/v2\/product_cat?post=896"},{"taxonomy":"product_tag","embeddable":true,"href":"https:\/\/huongchaukhobo.com\/en\/wp-json\/wp\/v2\/product_tag?post=896"}],"curies":[{"name":"wp","href":"https:\/\/api.w.org\/{rel}","templated":true}]}}