{"id":418,"date":"2018-10-01T09:48:37","date_gmt":"2018-10-01T13:48:37","guid":{"rendered":"https:\/\/huongchaukhobo.com\/product\/kho-bo-ca-ri-miem\/"},"modified":"2025-04-16T13:23:50","modified_gmt":"2025-04-16T17:23:50","slug":"curry-beef-jerkey-200g-pack","status":"publish","type":"product","link":"https:\/\/huongchaukhobo.com\/en\/product\/curry-beef-jerkey-200g-pack\/","title":{"rendered":"Curry Beef Jerky 200g Pack"},"content":{"rendered":"<table id=\"chi-tiet\" class=\"table table-bordered table-detail table-striped\" cellspacing=\"0\">\n<colgroup>\n<col style=\"width: 25%;\" \/>\n<col \/><\/colgroup>\n<tbody>\n<tr>\n<td>Brand<\/td>\n<td class=\"last\"><a href=\"http:\/\/huongchaukhobo.com\">H\u01b0\u01a1ng Ch\u00e2u<\/a><\/td>\n<\/tr>\n<tr>\n<td>Made in<\/td>\n<td class=\"last\">Canada<\/td>\n<\/tr>\n<tr>\n<td>Emballage<\/td>\n<td class=\"last\">Pack<\/td>\n<\/tr>\n<tr>\n<td>SKU<\/td>\n<td class=\"last\">046427880638029<\/td>\n<\/tr>\n<tr>\n<td>Expiry Date<\/td>\n<td class=\"last\">12 months<\/td>\n<\/tr>\n<tr>\n<td>User Manual<\/td>\n<td class=\"last\">\n<ul>\n<li>Tear the pack and use directly anywhere, anytime.<\/li>\n<\/ul>\n<\/td>\n<\/tr>\n<tr>\n<td>Preservation<\/td>\n<td class=\"last\">\n<ul>\n<li>Dry, cool place<\/li>\n<li>After opening the package, if not used up, it should be sealed<\/li>\n<\/ul>\n<\/td>\n<\/tr>\n<tr>\n<td>Weight<\/td>\n<td class=\"last\">200g<\/td>\n<\/tr>\n<\/tbody>\n<\/table>\n","protected":false},"excerpt":{"rendered":"<ul>\n<li>Use fresh and safe Canadian ingredients.<\/li>\n<li>Having an attractive, rich traditional home flavor will satisfy you when you use it and will never forget.<\/li>\n<\/ul>\n","protected":false},"featured_media":904,"comment_status":"open","ping_status":"closed","template":"","meta":[],"product_brand":[],"product_cat":[31],"product_tag":[],"class_list":{"0":"post-418","1":"product","2":"type-product","3":"status-publish","4":"has-post-thumbnail","6":"wc_square_synced-yes-en","7":"product_cat-curry-beef-jerkey","8":"description-off","10":"first","11":"instock","12":"taxable","13":"shipping-taxable","14":"purchasable","15":"product-type-simple"},"yoast_head":"<!-- This site is optimized with the Yoast SEO plugin v26.9 - https:\/\/yoast.com\/product\/yoast-seo-wordpress\/ -->\n<title>Curry Beef Jerky 200g Pack | Kh\u00f4 B\u00f2 H\u01b0\u01a1ng Ch\u00e2u<\/title>\n<meta name=\"description\" content=\"Kh\u00f4 B\u00f2 H\u01b0\u01a1ng Ch\u00e2u. S\u1eed d\u1ee5ng ngu\u1ed3n nguy\u00ean li\u1ec7u Canada t\u01b0\u01a1i ngon, an to\u00e0n. C\u00f3 m\u1ed9t h\u01b0\u01a1ng v\u1ecb truy\u1ec1n th\u1ed1ng qu\u00ea h\u01b0\u01a1ng h\u1ea5p d\u1eabn, \u0111\u1eadm \u0111\u00e0 s\u1ebd l\u00e0m v\u1eeba l\u00f2ng qu\u00fd kh\u00e1ch ...\" \/>\n<meta name=\"robots\" content=\"index, follow, max-snippet:-1, max-image-preview:large, max-video-preview:-1\" \/>\n<link rel=\"canonical\" href=\"https:\/\/huongchaukhobo.com\/en\/product\/curry-beef-jerkey-200g-pack\/\" \/>\n<meta property=\"og:locale\" content=\"en_US\" \/>\n<meta property=\"og:type\" content=\"article\" \/>\n<meta property=\"og:title\" content=\"Curry Beef Jerky 200g Pack | Kh\u00f4 B\u00f2 H\u01b0\u01a1ng Ch\u00e2u\" \/>\n<meta property=\"og:description\" content=\"Kh\u00f4 B\u00f2 H\u01b0\u01a1ng Ch\u00e2u. S\u1eed d\u1ee5ng ngu\u1ed3n nguy\u00ean li\u1ec7u Canada t\u01b0\u01a1i ngon, an to\u00e0n. C\u00f3 m\u1ed9t h\u01b0\u01a1ng v\u1ecb truy\u1ec1n th\u1ed1ng qu\u00ea h\u01b0\u01a1ng h\u1ea5p d\u1eabn, \u0111\u1eadm \u0111\u00e0 s\u1ebd l\u00e0m v\u1eeba l\u00f2ng qu\u00fd kh\u00e1ch ...\" \/>\n<meta property=\"og:url\" content=\"https:\/\/huongchaukhobo.com\/en\/product\/curry-beef-jerkey-200g-pack\/\" \/>\n<meta property=\"og:site_name\" content=\"Kh\u00f4 B\u00f2 H\u01b0\u01a1ng Ch\u00e2u\" \/>\n<meta property=\"article:modified_time\" content=\"2025-04-16T17:23:50+00:00\" \/>\n<meta property=\"og:image\" content=\"https:\/\/huongchaukhobo.com\/wp-content\/uploads\/2018\/10\/cari-200g-1920-scaled-1.jpg\" \/>\n\t<meta property=\"og:image:width\" content=\"1863\" \/>\n\t<meta property=\"og:image:height\" content=\"2560\" \/>\n\t<meta property=\"og:image:type\" content=\"image\/jpeg\" \/>\n<meta name=\"twitter:card\" content=\"summary_large_image\" \/>\n<meta name=\"twitter:label1\" content=\"Est. reading time\" \/>\n\t<meta name=\"twitter:data1\" content=\"1 minute\" \/>\n<script type=\"application\/ld+json\" class=\"yoast-schema-graph\">{\"@context\":\"https:\/\/schema.org\",\"@graph\":[{\"@type\":\"WebPage\",\"@id\":\"https:\/\/huongchaukhobo.com\/en\/product\/curry-beef-jerkey-200g-pack\/\",\"url\":\"https:\/\/huongchaukhobo.com\/en\/product\/curry-beef-jerkey-200g-pack\/\",\"name\":\"Curry Beef Jerky 200g Pack | Kh\u00f4 B\u00f2 H\u01b0\u01a1ng Ch\u00e2u\",\"isPartOf\":{\"@id\":\"https:\/\/huongchaukhobo.com\/#website\"},\"primaryImageOfPage\":{\"@id\":\"https:\/\/huongchaukhobo.com\/en\/product\/curry-beef-jerkey-200g-pack\/#primaryimage\"},\"image\":{\"@id\":\"https:\/\/huongchaukhobo.com\/en\/product\/curry-beef-jerkey-200g-pack\/#primaryimage\"},\"thumbnailUrl\":\"https:\/\/huongchaukhobo.com\/wp-content\/uploads\/2018\/10\/cari-200g-1920-scaled-1.jpg\",\"datePublished\":\"2018-10-01T13:48:37+00:00\",\"dateModified\":\"2025-04-16T17:23:50+00:00\",\"description\":\"Kh\u00f4 B\u00f2 H\u01b0\u01a1ng Ch\u00e2u. S\u1eed d\u1ee5ng ngu\u1ed3n nguy\u00ean li\u1ec7u Canada t\u01b0\u01a1i ngon, an to\u00e0n. C\u00f3 m\u1ed9t h\u01b0\u01a1ng v\u1ecb truy\u1ec1n th\u1ed1ng qu\u00ea h\u01b0\u01a1ng h\u1ea5p d\u1eabn, \u0111\u1eadm \u0111\u00e0 s\u1ebd l\u00e0m v\u1eeba l\u00f2ng qu\u00fd kh\u00e1ch ...\",\"breadcrumb\":{\"@id\":\"https:\/\/huongchaukhobo.com\/en\/product\/curry-beef-jerkey-200g-pack\/#breadcrumb\"},\"inLanguage\":\"en-CA\",\"potentialAction\":[{\"@type\":\"ReadAction\",\"target\":[\"https:\/\/huongchaukhobo.com\/en\/product\/curry-beef-jerkey-200g-pack\/\"]}]},{\"@type\":\"ImageObject\",\"inLanguage\":\"en-CA\",\"@id\":\"https:\/\/huongchaukhobo.com\/en\/product\/curry-beef-jerkey-200g-pack\/#primaryimage\",\"url\":\"https:\/\/huongchaukhobo.com\/wp-content\/uploads\/2018\/10\/cari-200g-1920-scaled-1.jpg\",\"contentUrl\":\"https:\/\/huongchaukhobo.com\/wp-content\/uploads\/2018\/10\/cari-200g-1920-scaled-1.jpg\",\"width\":1863,\"height\":2560},{\"@type\":\"BreadcrumbList\",\"@id\":\"https:\/\/huongchaukhobo.com\/en\/product\/curry-beef-jerkey-200g-pack\/#breadcrumb\",\"itemListElement\":[{\"@type\":\"ListItem\",\"position\":1,\"name\":\"Home\",\"item\":\"https:\/\/huongchaukhobo.com\/en\/\"},{\"@type\":\"ListItem\",\"position\":2,\"name\":\"Shop \/ Mua H\u00e0ng\",\"item\":\"https:\/\/huongchaukhobo.com\/shop\/\"},{\"@type\":\"ListItem\",\"position\":3,\"name\":\"Curry Beef Jerky 200g Pack\"}]},{\"@type\":\"WebSite\",\"@id\":\"https:\/\/huongchaukhobo.com\/#website\",\"url\":\"https:\/\/huongchaukhobo.com\/\",\"name\":\"Kh\u00f4 B\u00f2 H\u01b0\u01a1ng Ch\u00e2u\",\"description\":\"Beef Jerky\",\"potentialAction\":[{\"@type\":\"SearchAction\",\"target\":{\"@type\":\"EntryPoint\",\"urlTemplate\":\"https:\/\/huongchaukhobo.com\/?s={search_term_string}\"},\"query-input\":{\"@type\":\"PropertyValueSpecification\",\"valueRequired\":true,\"valueName\":\"search_term_string\"}}],\"inLanguage\":\"en-CA\"}]}<\/script>\n<!-- \/ Yoast SEO plugin. -->","yoast_head_json":{"title":"Curry Beef Jerky 200g Pack | Kh\u00f4 B\u00f2 H\u01b0\u01a1ng Ch\u00e2u","description":"Kh\u00f4 B\u00f2 H\u01b0\u01a1ng Ch\u00e2u. S\u1eed d\u1ee5ng ngu\u1ed3n nguy\u00ean li\u1ec7u Canada t\u01b0\u01a1i ngon, an to\u00e0n. C\u00f3 m\u1ed9t h\u01b0\u01a1ng v\u1ecb truy\u1ec1n th\u1ed1ng qu\u00ea h\u01b0\u01a1ng h\u1ea5p d\u1eabn, \u0111\u1eadm \u0111\u00e0 s\u1ebd l\u00e0m v\u1eeba l\u00f2ng qu\u00fd kh\u00e1ch ...","robots":{"index":"index","follow":"follow","max-snippet":"max-snippet:-1","max-image-preview":"max-image-preview:large","max-video-preview":"max-video-preview:-1"},"canonical":"https:\/\/huongchaukhobo.com\/en\/product\/curry-beef-jerkey-200g-pack\/","og_locale":"en_US","og_type":"article","og_title":"Curry Beef Jerky 200g Pack | Kh\u00f4 B\u00f2 H\u01b0\u01a1ng Ch\u00e2u","og_description":"Kh\u00f4 B\u00f2 H\u01b0\u01a1ng Ch\u00e2u. S\u1eed d\u1ee5ng ngu\u1ed3n nguy\u00ean li\u1ec7u Canada t\u01b0\u01a1i ngon, an to\u00e0n. C\u00f3 m\u1ed9t h\u01b0\u01a1ng v\u1ecb truy\u1ec1n th\u1ed1ng qu\u00ea h\u01b0\u01a1ng h\u1ea5p d\u1eabn, \u0111\u1eadm \u0111\u00e0 s\u1ebd l\u00e0m v\u1eeba l\u00f2ng qu\u00fd kh\u00e1ch ...","og_url":"https:\/\/huongchaukhobo.com\/en\/product\/curry-beef-jerkey-200g-pack\/","og_site_name":"Kh\u00f4 B\u00f2 H\u01b0\u01a1ng Ch\u00e2u","article_modified_time":"2025-04-16T17:23:50+00:00","og_image":[{"width":1863,"height":2560,"url":"https:\/\/huongchaukhobo.com\/wp-content\/uploads\/2018\/10\/cari-200g-1920-scaled-1.jpg","type":"image\/jpeg"}],"twitter_card":"summary_large_image","twitter_misc":{"Est. reading time":"1 minute"},"schema":{"@context":"https:\/\/schema.org","@graph":[{"@type":"WebPage","@id":"https:\/\/huongchaukhobo.com\/en\/product\/curry-beef-jerkey-200g-pack\/","url":"https:\/\/huongchaukhobo.com\/en\/product\/curry-beef-jerkey-200g-pack\/","name":"Curry Beef Jerky 200g Pack | Kh\u00f4 B\u00f2 H\u01b0\u01a1ng Ch\u00e2u","isPartOf":{"@id":"https:\/\/huongchaukhobo.com\/#website"},"primaryImageOfPage":{"@id":"https:\/\/huongchaukhobo.com\/en\/product\/curry-beef-jerkey-200g-pack\/#primaryimage"},"image":{"@id":"https:\/\/huongchaukhobo.com\/en\/product\/curry-beef-jerkey-200g-pack\/#primaryimage"},"thumbnailUrl":"https:\/\/huongchaukhobo.com\/wp-content\/uploads\/2018\/10\/cari-200g-1920-scaled-1.jpg","datePublished":"2018-10-01T13:48:37+00:00","dateModified":"2025-04-16T17:23:50+00:00","description":"Kh\u00f4 B\u00f2 H\u01b0\u01a1ng Ch\u00e2u. S\u1eed d\u1ee5ng ngu\u1ed3n nguy\u00ean li\u1ec7u Canada t\u01b0\u01a1i ngon, an to\u00e0n. C\u00f3 m\u1ed9t h\u01b0\u01a1ng v\u1ecb truy\u1ec1n th\u1ed1ng qu\u00ea h\u01b0\u01a1ng h\u1ea5p d\u1eabn, \u0111\u1eadm \u0111\u00e0 s\u1ebd l\u00e0m v\u1eeba l\u00f2ng qu\u00fd kh\u00e1ch ...","breadcrumb":{"@id":"https:\/\/huongchaukhobo.com\/en\/product\/curry-beef-jerkey-200g-pack\/#breadcrumb"},"inLanguage":"en-CA","potentialAction":[{"@type":"ReadAction","target":["https:\/\/huongchaukhobo.com\/en\/product\/curry-beef-jerkey-200g-pack\/"]}]},{"@type":"ImageObject","inLanguage":"en-CA","@id":"https:\/\/huongchaukhobo.com\/en\/product\/curry-beef-jerkey-200g-pack\/#primaryimage","url":"https:\/\/huongchaukhobo.com\/wp-content\/uploads\/2018\/10\/cari-200g-1920-scaled-1.jpg","contentUrl":"https:\/\/huongchaukhobo.com\/wp-content\/uploads\/2018\/10\/cari-200g-1920-scaled-1.jpg","width":1863,"height":2560},{"@type":"BreadcrumbList","@id":"https:\/\/huongchaukhobo.com\/en\/product\/curry-beef-jerkey-200g-pack\/#breadcrumb","itemListElement":[{"@type":"ListItem","position":1,"name":"Home","item":"https:\/\/huongchaukhobo.com\/en\/"},{"@type":"ListItem","position":2,"name":"Shop \/ Mua H\u00e0ng","item":"https:\/\/huongchaukhobo.com\/shop\/"},{"@type":"ListItem","position":3,"name":"Curry Beef Jerky 200g Pack"}]},{"@type":"WebSite","@id":"https:\/\/huongchaukhobo.com\/#website","url":"https:\/\/huongchaukhobo.com\/","name":"Kh\u00f4 B\u00f2 H\u01b0\u01a1ng Ch\u00e2u","description":"Beef Jerky","potentialAction":[{"@type":"SearchAction","target":{"@type":"EntryPoint","urlTemplate":"https:\/\/huongchaukhobo.com\/?s={search_term_string}"},"query-input":{"@type":"PropertyValueSpecification","valueRequired":true,"valueName":"search_term_string"}}],"inLanguage":"en-CA"}]}},"_links":{"self":[{"href":"https:\/\/huongchaukhobo.com\/en\/wp-json\/wp\/v2\/product\/418","targetHints":{"allow":["GET"]}}],"collection":[{"href":"https:\/\/huongchaukhobo.com\/en\/wp-json\/wp\/v2\/product"}],"about":[{"href":"https:\/\/huongchaukhobo.com\/en\/wp-json\/wp\/v2\/types\/product"}],"replies":[{"embeddable":true,"href":"https:\/\/huongchaukhobo.com\/en\/wp-json\/wp\/v2\/comments?post=418"}],"wp:featuredmedia":[{"embeddable":true,"href":"https:\/\/huongchaukhobo.com\/en\/wp-json\/wp\/v2\/media\/904"}],"wp:attachment":[{"href":"https:\/\/huongchaukhobo.com\/en\/wp-json\/wp\/v2\/media?parent=418"}],"wp:term":[{"taxonomy":"product_brand","embeddable":true,"href":"https:\/\/huongchaukhobo.com\/en\/wp-json\/wp\/v2\/product_brand?post=418"},{"taxonomy":"product_cat","embeddable":true,"href":"https:\/\/huongchaukhobo.com\/en\/wp-json\/wp\/v2\/product_cat?post=418"},{"taxonomy":"product_tag","embeddable":true,"href":"https:\/\/huongchaukhobo.com\/en\/wp-json\/wp\/v2\/product_tag?post=418"}],"curies":[{"name":"wp","href":"https:\/\/api.w.org\/{rel}","templated":true}]}}