{"id":403,"date":"2018-10-01T10:27:39","date_gmt":"2018-10-01T14:27:39","guid":{"rendered":"https:\/\/huongchaukhobo.com\/home\/"},"modified":"2024-11-10T08:29:47","modified_gmt":"2024-11-10T13:29:47","slug":"home","status":"publish","type":"page","link":"https:\/\/huongchaukhobo.com\/en\/","title":{"rendered":"Home"},"content":{"rendered":"<div class=\"wpb-content-wrapper\"><p>[vc_row full_width=&#8221;stretch_row&#8221; bg_type=&#8221;bg_color&#8221; bg_color_value=&#8221;#f2f2f2&#8243;][vc_column][\/vc_column][\/vc_row][vc_row full_width=&#8221;stretch_row&#8221; bg_type=&#8221;bg_color&#8221; bg_color_value=&#8221;#f2f2f2&#8243; css=&#8221;.vc_custom_1582222542637{padding-bottom: 32px !important;}&#8221;][vc_column][vc_row_inner][vc_column_inner width=&#8221;1\/3&#8243;]<div id=\"ultimate-heading-315869eb7ebd2793d\" class=\"uvc-heading ult-adjust-bottom-margin ultimate-heading-315869eb7ebd2793d uvc-2789 \" data-hspacer=\"no_spacer\"  data-halign=\"center\" style=\"text-align:center\"><div class=\"uvc-heading-spacer no_spacer\" style=\"top\"><\/div><div class=\"uvc-main-heading ult-responsive\"  data-ultimate-target='.uvc-heading.ultimate-heading-315869eb7ebd2793d h2'  data-responsive-json-new='{\"font-size\":\"desktop:20px;\",\"line-height\":\"\"}' ><h2 style=\"--font-weight:theme;margin-bottom:10px;\">Delivery to Canada and USA<\/h2><\/div><div class=\"uvc-sub-heading ult-responsive\"  data-ultimate-target='.uvc-heading.ultimate-heading-315869eb7ebd2793d .uvc-sub-heading '  data-responsive-json-new='{\"font-size\":\"\",\"line-height\":\"\"}'  style=\"font-weight:normal;\">Free shipping in Canada and USA with purchase of 20 or more seals.<\/div><\/div>[\/vc_column_inner][vc_column_inner width=&#8221;1\/3&#8243;]<div id=\"ultimate-heading-958669eb7ebd27a2f\" class=\"uvc-heading ult-adjust-bottom-margin ultimate-heading-958669eb7ebd27a2f uvc-6600 \" data-hspacer=\"no_spacer\"  data-halign=\"center\" style=\"text-align:center\"><div class=\"uvc-heading-spacer no_spacer\" style=\"top\"><\/div><div class=\"uvc-main-heading ult-responsive\"  data-ultimate-target='.uvc-heading.ultimate-heading-958669eb7ebd27a2f h2'  data-responsive-json-new='{\"font-size\":\"desktop:20px;\",\"line-height\":\"\"}' ><h2 style=\"--font-weight:theme;margin-bottom:10px;\">Traditional Taste<\/h2><\/div><div class=\"uvc-sub-heading ult-responsive\"  data-ultimate-target='.uvc-heading.ultimate-heading-958669eb7ebd27a2f .uvc-sub-heading '  data-responsive-json-new='{\"font-size\":\"\",\"line-height\":\"\"}'  style=\"font-weight:normal;\">Delicious dish with rich flavor indispensable in every family.<\/div><\/div>[\/vc_column_inner][vc_column_inner width=&#8221;1\/3&#8243;]<div id=\"ultimate-heading-826469eb7ebd27aa2\" class=\"uvc-heading ult-adjust-bottom-margin ultimate-heading-826469eb7ebd27aa2 uvc-4198 \" data-hspacer=\"no_spacer\"  data-halign=\"center\" style=\"text-align:center\"><div class=\"uvc-heading-spacer no_spacer\" style=\"top\"><\/div><div class=\"uvc-main-heading ult-responsive\"  data-ultimate-target='.uvc-heading.ultimate-heading-826469eb7ebd27aa2 h2'  data-responsive-json-new='{\"font-size\":\"desktop:20px;\",\"line-height\":\"\"}' ><h2 style=\"--font-weight:theme;margin-bottom:10px;\">Great Gift For Friends<\/h2><\/div><div class=\"uvc-sub-heading ult-responsive\"  data-ultimate-target='.uvc-heading.ultimate-heading-826469eb7ebd27aa2 .uvc-sub-heading '  data-responsive-json-new='{\"font-size\":\"\",\"line-height\":\"\"}'  style=\"font-weight:normal;\">Make a great gift for familly and friends when they have the opportunity to meet.<\/div><\/div>[\/vc_column_inner][\/vc_row_inner][\/vc_column][\/vc_row][vc_row][vc_column][vc_custom_heading text=&#8221;SHOP NOW&#8221; font_container=&#8221;tag:h2|text_align:center&#8221; google_fonts=&#8221;font_family:Actor%3Aregular|font_style:400%20regular%3A400%3Anormal&#8221; css=&#8221;.vc_custom_1599664360742{padding-bottom: 32px !important;}&#8221; link=&#8221;url:https%3A%2F%2Fhuongchaukhobo.com%2Fshop%2F|title:Mua%20H%C3%A0ng||&#8221;]<div class=\"woocommerce columns-4 \"><div class=\"wf-container dt-products  woo-hover products loading-effect-fade-in description-on-hover cart-btn-on-img wc-img-hover hide-description\" data-padding=\"0px\" data-cur-page=\"1\" data-desktop-columns-num=\"4\" data-v-tablet-columns-num=\"2\" data-h-tablet-columns-num=\"3\" data-phone-columns-num=\"1\">\n\n<article class=\"post visible description-off product type-product post-468 status-publish first instock product_cat-boeuf-seche-au-cari-croustillant has-post-thumbnail taxable shipping-taxable purchasable product-type-simple\">\n\n\t<figure class=\"woocom-project\">\n\t<div class=\"woo-buttons-on-img\">\n\n\t\t<a href=\"https:\/\/huongchaukhobo.com\/fr\/product\/boeuf-seche-au-cari-croustillant-pack-200gck-200g\/\" class=\"alignnone layzr-bg\"><img loading=\"lazy\" decoding=\"async\" width=\"300\" height=\"412\" src=\"data:image\/svg+xml;charset=utf-8,%3Csvg xmlns%3D&#039;http%3A%2F%2Fwww.w3.org%2F2000%2Fsvg&#039; viewBox%3D&#039;0 0 300 412&#039;%2F%3E\" class=\"attachment-woocommerce_thumbnail size-woocommerce_thumbnail lazy-load preload-me\" alt=\"Boeuf S\u00e9ch\u00e9 au Cari Croustillant Pack 200g\" data-src=\"https:\/\/huongchaukhobo.com\/wp-content\/uploads\/2018\/10\/cari-croustillant-200g-1920-300x412.jpg\" data-srcset=\"https:\/\/huongchaukhobo.com\/wp-content\/uploads\/2018\/10\/cari-croustillant-200g-1920-300x412.jpg 300w, https:\/\/huongchaukhobo.com\/wp-content\/uploads\/2018\/10\/cari-croustillant-200g-1920-218x300.jpg 218w, https:\/\/huongchaukhobo.com\/wp-content\/uploads\/2018\/10\/cari-croustillant-200g-1920-745x1024.jpg 745w, https:\/\/huongchaukhobo.com\/wp-content\/uploads\/2018\/10\/cari-croustillant-200g-1920-768x1056.jpg 768w, https:\/\/huongchaukhobo.com\/wp-content\/uploads\/2018\/10\/cari-croustillant-200g-1920-1118x1536.jpg 1118w, https:\/\/huongchaukhobo.com\/wp-content\/uploads\/2018\/10\/cari-croustillant-200g-1920-1490x2048.jpg 1490w, https:\/\/huongchaukhobo.com\/wp-content\/uploads\/2018\/10\/cari-croustillant-200g-1920-600x825.jpg 600w, https:\/\/huongchaukhobo.com\/wp-content\/uploads\/2018\/10\/cari-croustillant-200g-1920-44x60.jpg 44w, https:\/\/huongchaukhobo.com\/wp-content\/uploads\/2018\/10\/cari-croustillant-200g-1920-65x90.jpg 65w, https:\/\/huongchaukhobo.com\/wp-content\/uploads\/2018\/10\/cari-croustillant-200g-1920-scaled.jpg 1863w\" \/><img loading=\"lazy\" decoding=\"async\" width=\"300\" height=\"300\" src=\"data:image\/svg+xml;charset=utf-8,%3Csvg xmlns%3D&#039;http%3A%2F%2Fwww.w3.org%2F2000%2Fsvg&#039; viewBox%3D&#039;0 0 300 300&#039;%2F%3E\" class=\"show-on-hover back-image lazy-load preload-me\" alt=\"\" data-src=\"https:\/\/huongchaukhobo.com\/wp-content\/uploads\/2018\/10\/kho-bo-ca-ri-miem-back-2-300x300.jpg\" data-srcset=\"https:\/\/huongchaukhobo.com\/wp-content\/uploads\/2018\/10\/kho-bo-ca-ri-miem-back-2-300x300.jpg 300w, https:\/\/huongchaukhobo.com\/wp-content\/uploads\/2018\/10\/kho-bo-ca-ri-miem-back-2-200x200.jpg 200w, https:\/\/huongchaukhobo.com\/wp-content\/uploads\/2018\/10\/kho-bo-ca-ri-miem-back-2-150x150.jpg 150w, https:\/\/huongchaukhobo.com\/wp-content\/uploads\/2018\/10\/kho-bo-ca-ri-miem-back-2.jpg 600w\" \/><\/a>\n\t<\/div>\n\t<figcaption class=\"woocom-list-content\">\n\n\t\t<div class=\"woocommerce-product-details__short-description\">\n\t<ul>\n<li>Utilisez des ingr\u00e9dients canadiens frais et s\u00fbrs.<\/li>\n<li>Avoir une saveur maison traditionnelle attrayante et riche vous satisfera lorsque vous l&#8217;utilisez et n&#8217;oubliera jamais.<\/li>\n<\/ul>\n<\/div>\n\n\t<\/figcaption>\n<\/figure>\n\n<\/article>\n\n\n\n<article class=\"post visible description-off product type-product post-471 status-publish instock product_cat-boeuf-seche-au-cari-effiloche has-post-thumbnail taxable shipping-taxable purchasable product-type-simple\">\n\n\t<figure class=\"woocom-project\">\n\t<div class=\"woo-buttons-on-img\">\n\n\t\t<a href=\"https:\/\/huongchaukhobo.com\/fr\/product\/boeuf-seche-au-cari-effiloch-pack-200g\/\" class=\"alignnone layzr-bg\"><img loading=\"lazy\" decoding=\"async\" width=\"300\" height=\"412\" src=\"data:image\/svg+xml;charset=utf-8,%3Csvg xmlns%3D&#039;http%3A%2F%2Fwww.w3.org%2F2000%2Fsvg&#039; viewBox%3D&#039;0 0 300 412&#039;%2F%3E\" class=\"attachment-woocommerce_thumbnail size-woocommerce_thumbnail lazy-load preload-me\" alt=\"Boeuf S\u00e9ch\u00e9 au Cari Effiloch\u00e9 Pack 200g\" data-src=\"https:\/\/huongchaukhobo.com\/wp-content\/uploads\/2019\/10\/cari-effiloche-200g-1920-scaled-2.jpg\" data-srcset=\"https:\/\/huongchaukhobo.com\/wp-content\/uploads\/2019\/10\/cari-effiloche-200g-1920-scaled-2.jpg 1863w, https:\/\/huongchaukhobo.com\/wp-content\/uploads\/2019\/10\/cari-effiloche-200g-1920-scaled-2-218x300.jpg 218w, https:\/\/huongchaukhobo.com\/wp-content\/uploads\/2019\/10\/cari-effiloche-200g-1920-scaled-2-745x1024.jpg 745w, https:\/\/huongchaukhobo.com\/wp-content\/uploads\/2019\/10\/cari-effiloche-200g-1920-scaled-2-768x1055.jpg 768w, https:\/\/huongchaukhobo.com\/wp-content\/uploads\/2019\/10\/cari-effiloche-200g-1920-scaled-2-1118x1536.jpg 1118w\" \/><\/a>\n\t<\/div>\n\t<figcaption class=\"woocom-list-content\">\n\n\t\t<div class=\"woocommerce-product-details__short-description\">\n\t<ul>\n<li>Utilisez des ingr\u00e9dients canadiens frais et s\u00fbrs.<\/li>\n<li>Avoir une saveur maison traditionnelle attrayante et riche vous satisfera lorsque vous l&#8217;utilisez et n&#8217;oubliera jamais.<\/li>\n<\/ul>\n<\/div>\n\n\t<\/figcaption>\n<\/figure>\n\n<\/article>\n\n\n\n<article class=\"post visible description-off product type-product post-477 status-publish instock product_cat-boeuf-seche-au-cari has-post-thumbnail taxable shipping-taxable purchasable product-type-simple\">\n\n\t<figure class=\"woocom-project\">\n\t<div class=\"woo-buttons-on-img\">\n\n\t\t<a href=\"https:\/\/huongchaukhobo.com\/fr\/product\/boeuf-seche-au-cari-pack-200g\/\" class=\"alignnone layzr-bg\"><img loading=\"lazy\" decoding=\"async\" width=\"300\" height=\"412\" src=\"data:image\/svg+xml;charset=utf-8,%3Csvg xmlns%3D&#039;http%3A%2F%2Fwww.w3.org%2F2000%2Fsvg&#039; viewBox%3D&#039;0 0 300 412&#039;%2F%3E\" class=\"attachment-woocommerce_thumbnail size-woocommerce_thumbnail lazy-load preload-me\" alt=\"Boeuf S\u00e9ch\u00e9 au Cari Pack 200g\" data-src=\"https:\/\/huongchaukhobo.com\/wp-content\/uploads\/2018\/10\/cari-200g-1920-scaled-2.jpg\" data-srcset=\"https:\/\/huongchaukhobo.com\/wp-content\/uploads\/2018\/10\/cari-200g-1920-scaled-2.jpg 1863w, https:\/\/huongchaukhobo.com\/wp-content\/uploads\/2018\/10\/cari-200g-1920-scaled-2-218x300.jpg 218w, https:\/\/huongchaukhobo.com\/wp-content\/uploads\/2018\/10\/cari-200g-1920-scaled-2-745x1024.jpg 745w, https:\/\/huongchaukhobo.com\/wp-content\/uploads\/2018\/10\/cari-200g-1920-scaled-2-768x1055.jpg 768w, https:\/\/huongchaukhobo.com\/wp-content\/uploads\/2018\/10\/cari-200g-1920-scaled-2-1118x1536.jpg 1118w\" \/><img loading=\"lazy\" decoding=\"async\" width=\"300\" height=\"412\" src=\"data:image\/svg+xml;charset=utf-8,%3Csvg xmlns%3D&#039;http%3A%2F%2Fwww.w3.org%2F2000%2Fsvg&#039; viewBox%3D&#039;0 0 300 412&#039;%2F%3E\" class=\"show-on-hover back-image lazy-load preload-me\" alt=\"\" data-src=\"https:\/\/huongchaukhobo.com\/wp-content\/uploads\/2018\/10\/cari-200g-1920-scaled-2.jpg\" data-srcset=\"https:\/\/huongchaukhobo.com\/wp-content\/uploads\/2018\/10\/cari-200g-1920-scaled-2.jpg 1863w, https:\/\/huongchaukhobo.com\/wp-content\/uploads\/2018\/10\/cari-200g-1920-scaled-2-218x300.jpg 218w, https:\/\/huongchaukhobo.com\/wp-content\/uploads\/2018\/10\/cari-200g-1920-scaled-2-745x1024.jpg 745w, https:\/\/huongchaukhobo.com\/wp-content\/uploads\/2018\/10\/cari-200g-1920-scaled-2-768x1055.jpg 768w, https:\/\/huongchaukhobo.com\/wp-content\/uploads\/2018\/10\/cari-200g-1920-scaled-2-1118x1536.jpg 1118w\" \/><\/a>\n\t<\/div>\n\t<figcaption class=\"woocom-list-content\">\n\n\t\t<div class=\"woocommerce-product-details__short-description\">\n\t<ul>\n<li>Utilisez des ingr\u00e9dients canadiens frais et s\u00fbrs.<\/li>\n<li>Avoir une saveur maison traditionnelle attrayante et riche vous satisfera lorsque vous l&#8217;utilisez et n&#8217;oubliera jamais.<\/li>\n<\/ul>\n<\/div>\n\n\t<\/figcaption>\n<\/figure>\n\n<\/article>\n\n\n\n<article class=\"post visible description-off product type-product post-474 status-publish last instock product_cat-boeuf-seche-aux-cinq-epices has-post-thumbnail taxable shipping-taxable purchasable product-type-simple\">\n\n\t<figure class=\"woocom-project\">\n\t<div class=\"woo-buttons-on-img\">\n\n\t\t<a href=\"https:\/\/huongchaukhobo.com\/fr\/product\/boeuf-seche-aux-cinq-epices-pack-200g\/\" class=\"alignnone layzr-bg\"><img loading=\"lazy\" decoding=\"async\" width=\"300\" height=\"413\" src=\"data:image\/svg+xml;charset=utf-8,%3Csvg xmlns%3D&#039;http%3A%2F%2Fwww.w3.org%2F2000%2Fsvg&#039; viewBox%3D&#039;0 0 300 413&#039;%2F%3E\" class=\"attachment-woocommerce_thumbnail size-woocommerce_thumbnail lazy-load preload-me\" alt=\"Boeuf S\u00e9ch\u00e9 aux Cinq \u00c9pices Pack 200g\" data-src=\"https:\/\/huongchaukhobo.com\/wp-content\/uploads\/2018\/10\/cinq-epices-200g_1200-300x413.jpg\" data-srcset=\"https:\/\/huongchaukhobo.com\/wp-content\/uploads\/2018\/10\/cinq-epices-200g_1200-300x413.jpg 300w, https:\/\/huongchaukhobo.com\/wp-content\/uploads\/2018\/10\/cinq-epices-200g_1200-218x300.jpg 218w, https:\/\/huongchaukhobo.com\/wp-content\/uploads\/2018\/10\/cinq-epices-200g_1200.jpg 480w\" \/><img loading=\"lazy\" decoding=\"async\" width=\"300\" height=\"300\" src=\"data:image\/svg+xml;charset=utf-8,%3Csvg xmlns%3D&#039;http%3A%2F%2Fwww.w3.org%2F2000%2Fsvg&#039; viewBox%3D&#039;0 0 300 300&#039;%2F%3E\" class=\"show-on-hover back-image lazy-load preload-me\" alt=\"\" data-src=\"https:\/\/huongchaukhobo.com\/wp-content\/uploads\/2018\/10\/kho-bo-ca-ri-miem-back-2-300x300.jpg\" data-srcset=\"https:\/\/huongchaukhobo.com\/wp-content\/uploads\/2018\/10\/kho-bo-ca-ri-miem-back-2-300x300.jpg 300w, https:\/\/huongchaukhobo.com\/wp-content\/uploads\/2018\/10\/kho-bo-ca-ri-miem-back-2-200x200.jpg 200w, https:\/\/huongchaukhobo.com\/wp-content\/uploads\/2018\/10\/kho-bo-ca-ri-miem-back-2-150x150.jpg 150w, https:\/\/huongchaukhobo.com\/wp-content\/uploads\/2018\/10\/kho-bo-ca-ri-miem-back-2.jpg 600w\" \/><\/a>\n\t<\/div>\n\t<figcaption class=\"woocom-list-content\">\n\n\t\t<div class=\"woocommerce-product-details__short-description\">\n\t<ul>\n<li>Utilisez des ingr\u00e9dients canadiens frais et s\u00fbrs.<\/li>\n<li>Avoir une saveur maison traditionnelle attrayante et riche vous satisfera lorsque vous l&#8217;utilisez et n&#8217;oubliera jamais.<\/li>\n<\/ul>\n<\/div>\n\n\t<\/figcaption>\n<\/figure>\n\n<\/article>\n\n\n\n<article class=\"post visible description-off product type-product post-897 status-publish first instock product_cat-cha-bong-heo-fr has-post-thumbnail taxable shipping-taxable purchasable product-type-simple\">\n\n\t<figure class=\"woocom-project\">\n\t<div class=\"woo-buttons-on-img\">\n\n\t\t<a href=\"https:\/\/huongchaukhobo.com\/fr\/product\/cha-bong-heo-goi-150gporc-effiloche-frayed-pork\/\" class=\"alignnone layzr-bg\"><img loading=\"lazy\" decoding=\"async\" width=\"300\" height=\"390\" src=\"data:image\/svg+xml;charset=utf-8,%3Csvg xmlns%3D&#039;http%3A%2F%2Fwww.w3.org%2F2000%2Fsvg&#039; viewBox%3D&#039;0 0 300 390&#039;%2F%3E\" class=\"attachment-woocommerce_thumbnail size-woocommerce_thumbnail lazy-load preload-me\" alt=\"Porc Effiloch\u00e9 Pack 150g\" data-src=\"https:\/\/huongchaukhobo.com\/wp-content\/uploads\/2024\/11\/Chao-bong-heo-01-3.jpg\" data-srcset=\"https:\/\/huongchaukhobo.com\/wp-content\/uploads\/2024\/11\/Chao-bong-heo-01-3.jpg 1863w, https:\/\/huongchaukhobo.com\/wp-content\/uploads\/2024\/11\/Chao-bong-heo-01-3-230x300.jpg 230w, https:\/\/huongchaukhobo.com\/wp-content\/uploads\/2024\/11\/Chao-bong-heo-01-3-787x1024.jpg 787w, https:\/\/huongchaukhobo.com\/wp-content\/uploads\/2024\/11\/Chao-bong-heo-01-3-768x1000.jpg 768w, https:\/\/huongchaukhobo.com\/wp-content\/uploads\/2024\/11\/Chao-bong-heo-01-3-1180x1536.jpg 1180w\" \/><\/a>\n\t<\/div>\n\t<figcaption class=\"woocom-list-content\">\n\n\t\t<div class=\"woocommerce-product-details__short-description\">\n\t<ul>\n<li>Utilisez des ingr\u00e9dients canadiens frais et s\u00fbrs.<\/li>\n<li>Avoir une saveur maison traditionnelle attrayante et riche vous satisfera lorsque vous l&#8217;utilisez et n&#8217;oubliera jamais.<\/li>\n<\/ul>\n<\/div>\n\n\t<\/figcaption>\n<\/figure>\n\n<\/article>\n\n<\/div><\/div>[\/vc_column][\/vc_row]<\/p>\n<\/div>","protected":false},"excerpt":{"rendered":"<p>[vc_row full_width=&#8221;stretch_row&#8221; bg_type=&#8221;bg_color&#8221; bg_color_value=&#8221;#f2f2f2&#8243;][vc_column][\/vc_column][\/vc_row][vc_row full_width=&#8221;stretch_row&#8221; bg_type=&#8221;bg_color&#8221; bg_color_value=&#8221;#f2f2f2&#8243; css=&#8221;.vc_custom_1582222542637{padding-bottom: 32px !important;}&#8221;][vc_column][vc_row_inner][vc_column_inner width=&#8221;1\/3&#8243;][\/vc_column_inner][vc_column_inner width=&#8221;1\/3&#8243;][\/vc_column_inner][vc_column_inner width=&#8221;1\/3&#8243;][\/vc_column_inner][\/vc_row_inner][\/vc_column][\/vc_row][vc_row][vc_column][vc_custom_heading text=&#8221;SHOP NOW&#8221; font_container=&#8221;tag:h2|text_align:center&#8221; google_fonts=&#8221;font_family:Actor%3Aregular|font_style:400%20regular%3A400%3Anormal&#8221; css=&#8221;.vc_custom_1599664360742{padding-bottom: 32px !important;}&#8221; link=&#8221;url:https%3A%2F%2Fhuongchaukhobo.com%2Fshop%2F|title:Mua%20H%C3%A0ng||&#8221;][\/vc_column][\/vc_row]<\/p>\n","protected":false},"author":1,"featured_media":405,"parent":0,"menu_order":0,"comment_status":"closed","ping_status":"closed","template":"template-microsite.php","meta":{"footnotes":""},"class_list":["post-403","page","type-page","status-publish","has-post-thumbnail","hentry","description-off"],"yoast_head":"<!-- This site is optimized with the Yoast SEO plugin v26.9 - https:\/\/yoast.com\/product\/yoast-seo-wordpress\/ -->\n<title>Kh\u00f4 B\u00f2 H\u01b0\u01a1ng Ch\u00e2u | H\u01b0\u01a1ng Ch\u00e2u Beef Jerky - Boeuf S\u00e9ch\u00e9<\/title>\n<meta name=\"description\" content=\"Kh\u00f4 B\u00f2 H\u01b0\u01a1ng Ch\u00e2u. S\u1eed d\u1ee5ng ngu\u1ed3n nguy\u00ean li\u1ec7u Canada t\u01b0\u01a1i ngon, an to\u00e0n. H\u01b0\u01a1ng V\u1ecb Truy\u1ec1n Th\u1ed1ng Qu\u00ea H\u01b0\u01a1ng. Mua h\u00e0ng tr\u1ef1c truy\u1ebfn. Giao h\u00e0ng to\u00e0n Canada v\u00e0 M\u1ef9.\" \/>\n<meta name=\"robots\" content=\"index, follow, max-snippet:-1, max-image-preview:large, max-video-preview:-1\" \/>\n<link rel=\"canonical\" href=\"https:\/\/huongchaukhobo.com\/en\/\" \/>\n<meta property=\"og:locale\" content=\"en_US\" \/>\n<meta property=\"og:type\" content=\"article\" \/>\n<meta property=\"og:title\" content=\"Kh\u00f4 B\u00f2 H\u01b0\u01a1ng Ch\u00e2u | H\u01b0\u01a1ng Ch\u00e2u Beef Jerky - Boeuf S\u00e9ch\u00e9\" \/>\n<meta property=\"og:description\" content=\"Kh\u00f4 B\u00f2 H\u01b0\u01a1ng Ch\u00e2u. S\u1eed d\u1ee5ng ngu\u1ed3n nguy\u00ean li\u1ec7u Canada t\u01b0\u01a1i ngon, an to\u00e0n. H\u01b0\u01a1ng V\u1ecb Truy\u1ec1n Th\u1ed1ng Qu\u00ea H\u01b0\u01a1ng. Mua h\u00e0ng tr\u1ef1c truy\u1ebfn. Giao h\u00e0ng to\u00e0n Canada v\u00e0 M\u1ef9.\" \/>\n<meta property=\"og:url\" content=\"https:\/\/huongchaukhobo.com\/en\/\" \/>\n<meta property=\"og:site_name\" content=\"Kh\u00f4 B\u00f2 H\u01b0\u01a1ng Ch\u00e2u\" \/>\n<meta property=\"article:modified_time\" content=\"2024-11-10T13:29:47+00:00\" \/>\n<meta property=\"og:image\" content=\"https:\/\/huongchaukhobo.com\/wp-content\/uploads\/2018\/10\/Huong-Chau-Kho-Bo-v1-2.jpg\" \/>\n\t<meta property=\"og:image:width\" content=\"1200\" \/>\n\t<meta property=\"og:image:height\" content=\"629\" \/>\n\t<meta property=\"og:image:type\" content=\"image\/jpeg\" \/>\n<meta name=\"twitter:card\" content=\"summary_large_image\" \/>\n<meta name=\"twitter:label1\" content=\"Est. reading time\" \/>\n\t<meta name=\"twitter:data1\" content=\"1 minute\" \/>\n<script type=\"application\/ld+json\" class=\"yoast-schema-graph\">{\"@context\":\"https:\/\/schema.org\",\"@graph\":[{\"@type\":\"WebPage\",\"@id\":\"https:\/\/huongchaukhobo.com\/en\/\",\"url\":\"https:\/\/huongchaukhobo.com\/en\/\",\"name\":\"Kh\u00f4 B\u00f2 H\u01b0\u01a1ng Ch\u00e2u | H\u01b0\u01a1ng Ch\u00e2u Beef Jerky - Boeuf S\u00e9ch\u00e9\",\"isPartOf\":{\"@id\":\"https:\/\/huongchaukhobo.com\/#website\"},\"primaryImageOfPage\":{\"@id\":\"https:\/\/huongchaukhobo.com\/en\/#primaryimage\"},\"image\":{\"@id\":\"https:\/\/huongchaukhobo.com\/en\/#primaryimage\"},\"thumbnailUrl\":\"https:\/\/huongchaukhobo.com\/wp-content\/uploads\/2018\/10\/Huong-Chau-Kho-Bo-v1-2.jpg\",\"datePublished\":\"2018-10-01T14:27:39+00:00\",\"dateModified\":\"2024-11-10T13:29:47+00:00\",\"description\":\"Kh\u00f4 B\u00f2 H\u01b0\u01a1ng Ch\u00e2u. S\u1eed d\u1ee5ng ngu\u1ed3n nguy\u00ean li\u1ec7u Canada t\u01b0\u01a1i ngon, an to\u00e0n. H\u01b0\u01a1ng V\u1ecb Truy\u1ec1n Th\u1ed1ng Qu\u00ea H\u01b0\u01a1ng. Mua h\u00e0ng tr\u1ef1c truy\u1ebfn. Giao h\u00e0ng to\u00e0n Canada v\u00e0 M\u1ef9.\",\"breadcrumb\":{\"@id\":\"https:\/\/huongchaukhobo.com\/en\/#breadcrumb\"},\"inLanguage\":\"en-CA\",\"potentialAction\":[{\"@type\":\"ReadAction\",\"target\":[\"https:\/\/huongchaukhobo.com\/en\/\"]}]},{\"@type\":\"ImageObject\",\"inLanguage\":\"en-CA\",\"@id\":\"https:\/\/huongchaukhobo.com\/en\/#primaryimage\",\"url\":\"https:\/\/huongchaukhobo.com\/wp-content\/uploads\/2018\/10\/Huong-Chau-Kho-Bo-v1-2.jpg\",\"contentUrl\":\"https:\/\/huongchaukhobo.com\/wp-content\/uploads\/2018\/10\/Huong-Chau-Kho-Bo-v1-2.jpg\",\"width\":1200,\"height\":629},{\"@type\":\"BreadcrumbList\",\"@id\":\"https:\/\/huongchaukhobo.com\/en\/#breadcrumb\",\"itemListElement\":[{\"@type\":\"ListItem\",\"position\":1,\"name\":\"Home\",\"item\":\"https:\/\/huongchaukhobo.com\/en\/\"},{\"@type\":\"ListItem\",\"position\":2,\"name\":\"Home\"}]},{\"@type\":\"WebSite\",\"@id\":\"https:\/\/huongchaukhobo.com\/#website\",\"url\":\"https:\/\/huongchaukhobo.com\/\",\"name\":\"Kh\u00f4 B\u00f2 H\u01b0\u01a1ng Ch\u00e2u\",\"description\":\"Beef Jerky\",\"potentialAction\":[{\"@type\":\"SearchAction\",\"target\":{\"@type\":\"EntryPoint\",\"urlTemplate\":\"https:\/\/huongchaukhobo.com\/?s={search_term_string}\"},\"query-input\":{\"@type\":\"PropertyValueSpecification\",\"valueRequired\":true,\"valueName\":\"search_term_string\"}}],\"inLanguage\":\"en-CA\"}]}<\/script>\n<!-- \/ Yoast SEO plugin. -->","yoast_head_json":{"title":"Kh\u00f4 B\u00f2 H\u01b0\u01a1ng Ch\u00e2u | H\u01b0\u01a1ng Ch\u00e2u Beef Jerky - Boeuf S\u00e9ch\u00e9","description":"Kh\u00f4 B\u00f2 H\u01b0\u01a1ng Ch\u00e2u. S\u1eed d\u1ee5ng ngu\u1ed3n nguy\u00ean li\u1ec7u Canada t\u01b0\u01a1i ngon, an to\u00e0n. H\u01b0\u01a1ng V\u1ecb Truy\u1ec1n Th\u1ed1ng Qu\u00ea H\u01b0\u01a1ng. Mua h\u00e0ng tr\u1ef1c truy\u1ebfn. Giao h\u00e0ng to\u00e0n Canada v\u00e0 M\u1ef9.","robots":{"index":"index","follow":"follow","max-snippet":"max-snippet:-1","max-image-preview":"max-image-preview:large","max-video-preview":"max-video-preview:-1"},"canonical":"https:\/\/huongchaukhobo.com\/en\/","og_locale":"en_US","og_type":"article","og_title":"Kh\u00f4 B\u00f2 H\u01b0\u01a1ng Ch\u00e2u | H\u01b0\u01a1ng Ch\u00e2u Beef Jerky - Boeuf S\u00e9ch\u00e9","og_description":"Kh\u00f4 B\u00f2 H\u01b0\u01a1ng Ch\u00e2u. S\u1eed d\u1ee5ng ngu\u1ed3n nguy\u00ean li\u1ec7u Canada t\u01b0\u01a1i ngon, an to\u00e0n. H\u01b0\u01a1ng V\u1ecb Truy\u1ec1n Th\u1ed1ng Qu\u00ea H\u01b0\u01a1ng. Mua h\u00e0ng tr\u1ef1c truy\u1ebfn. Giao h\u00e0ng to\u00e0n Canada v\u00e0 M\u1ef9.","og_url":"https:\/\/huongchaukhobo.com\/en\/","og_site_name":"Kh\u00f4 B\u00f2 H\u01b0\u01a1ng Ch\u00e2u","article_modified_time":"2024-11-10T13:29:47+00:00","og_image":[{"width":1200,"height":629,"url":"https:\/\/huongchaukhobo.com\/wp-content\/uploads\/2018\/10\/Huong-Chau-Kho-Bo-v1-2.jpg","type":"image\/jpeg"}],"twitter_card":"summary_large_image","twitter_misc":{"Est. reading time":"1 minute"},"schema":{"@context":"https:\/\/schema.org","@graph":[{"@type":"WebPage","@id":"https:\/\/huongchaukhobo.com\/en\/","url":"https:\/\/huongchaukhobo.com\/en\/","name":"Kh\u00f4 B\u00f2 H\u01b0\u01a1ng Ch\u00e2u | H\u01b0\u01a1ng Ch\u00e2u Beef Jerky - Boeuf S\u00e9ch\u00e9","isPartOf":{"@id":"https:\/\/huongchaukhobo.com\/#website"},"primaryImageOfPage":{"@id":"https:\/\/huongchaukhobo.com\/en\/#primaryimage"},"image":{"@id":"https:\/\/huongchaukhobo.com\/en\/#primaryimage"},"thumbnailUrl":"https:\/\/huongchaukhobo.com\/wp-content\/uploads\/2018\/10\/Huong-Chau-Kho-Bo-v1-2.jpg","datePublished":"2018-10-01T14:27:39+00:00","dateModified":"2024-11-10T13:29:47+00:00","description":"Kh\u00f4 B\u00f2 H\u01b0\u01a1ng Ch\u00e2u. S\u1eed d\u1ee5ng ngu\u1ed3n nguy\u00ean li\u1ec7u Canada t\u01b0\u01a1i ngon, an to\u00e0n. H\u01b0\u01a1ng V\u1ecb Truy\u1ec1n Th\u1ed1ng Qu\u00ea H\u01b0\u01a1ng. Mua h\u00e0ng tr\u1ef1c truy\u1ebfn. Giao h\u00e0ng to\u00e0n Canada v\u00e0 M\u1ef9.","breadcrumb":{"@id":"https:\/\/huongchaukhobo.com\/en\/#breadcrumb"},"inLanguage":"en-CA","potentialAction":[{"@type":"ReadAction","target":["https:\/\/huongchaukhobo.com\/en\/"]}]},{"@type":"ImageObject","inLanguage":"en-CA","@id":"https:\/\/huongchaukhobo.com\/en\/#primaryimage","url":"https:\/\/huongchaukhobo.com\/wp-content\/uploads\/2018\/10\/Huong-Chau-Kho-Bo-v1-2.jpg","contentUrl":"https:\/\/huongchaukhobo.com\/wp-content\/uploads\/2018\/10\/Huong-Chau-Kho-Bo-v1-2.jpg","width":1200,"height":629},{"@type":"BreadcrumbList","@id":"https:\/\/huongchaukhobo.com\/en\/#breadcrumb","itemListElement":[{"@type":"ListItem","position":1,"name":"Home","item":"https:\/\/huongchaukhobo.com\/en\/"},{"@type":"ListItem","position":2,"name":"Home"}]},{"@type":"WebSite","@id":"https:\/\/huongchaukhobo.com\/#website","url":"https:\/\/huongchaukhobo.com\/","name":"Kh\u00f4 B\u00f2 H\u01b0\u01a1ng Ch\u00e2u","description":"Beef Jerky","potentialAction":[{"@type":"SearchAction","target":{"@type":"EntryPoint","urlTemplate":"https:\/\/huongchaukhobo.com\/?s={search_term_string}"},"query-input":{"@type":"PropertyValueSpecification","valueRequired":true,"valueName":"search_term_string"}}],"inLanguage":"en-CA"}]}},"_links":{"self":[{"href":"https:\/\/huongchaukhobo.com\/en\/wp-json\/wp\/v2\/pages\/403","targetHints":{"allow":["GET"]}}],"collection":[{"href":"https:\/\/huongchaukhobo.com\/en\/wp-json\/wp\/v2\/pages"}],"about":[{"href":"https:\/\/huongchaukhobo.com\/en\/wp-json\/wp\/v2\/types\/page"}],"author":[{"embeddable":true,"href":"https:\/\/huongchaukhobo.com\/en\/wp-json\/wp\/v2\/users\/1"}],"replies":[{"embeddable":true,"href":"https:\/\/huongchaukhobo.com\/en\/wp-json\/wp\/v2\/comments?post=403"}],"version-history":[{"count":3,"href":"https:\/\/huongchaukhobo.com\/en\/wp-json\/wp\/v2\/pages\/403\/revisions"}],"predecessor-version":[{"id":917,"href":"https:\/\/huongchaukhobo.com\/en\/wp-json\/wp\/v2\/pages\/403\/revisions\/917"}],"wp:featuredmedia":[{"embeddable":true,"href":"https:\/\/huongchaukhobo.com\/en\/wp-json\/wp\/v2\/media\/405"}],"wp:attachment":[{"href":"https:\/\/huongchaukhobo.com\/en\/wp-json\/wp\/v2\/media?parent=403"}],"curies":[{"name":"wp","href":"https:\/\/api.w.org\/{rel}","templated":true}]}}